{"id":88,"date":"2024-09-06T07:12:09","date_gmt":"2024-09-06T07:12:09","guid":{"rendered":"https:\/\/cabinet-louis-reynaud.eu\/?page_id=88"},"modified":"2025-07-23T14:03:33","modified_gmt":"2025-07-23T14:03:33","slug":"sscp","status":"publish","type":"page","link":"https:\/\/cabinet-louis-reynaud.eu\/en\/sscp\/","title":{"rendered":"SSCP"},"content":{"rendered":"<div data-elementor-type=\"wp-page\" data-elementor-id=\"88\" class=\"elementor elementor-88\">\n\t\t\t\t<div class=\"elementor-element elementor-element-bada966 e-flex e-con-boxed e-con e-parent\" data-id=\"bada966\" data-element_type=\"container\" data-e-type=\"container\">\n\t\t\t\t\t<div class=\"e-con-inner\">\n\t\t<div class=\"elementor-element elementor-element-44666fe e-con-full e-flex e-con e-child\" data-id=\"44666fe\" data-element_type=\"container\" data-e-type=\"container\">\n\t\t\t\t<div class=\"elementor-element elementor-element-e8234d4 elementor-widget elementor-widget-text-editor\" data-id=\"e8234d4\" data-element_type=\"widget\" data-e-type=\"widget\" data-widget_type=\"text-editor.default\">\n\t\t\t\t<div class=\"elementor-widget-container\">\n\t\t\t\t\t\t\t\t\t<h3 class=\" translation-block\"><strong>Objective of the compliance assessment<\/strong><\/h3><h3>\u00a0<\/h3>\t\t\t\t\t\t\t\t<\/div>\n\t\t\t\t<\/div>\n\t\t\t\t<\/div>\n\t\t<div class=\"elementor-element elementor-element-da0bd51 e-con-full e-flex e-con e-child\" data-id=\"da0bd51\" data-element_type=\"container\" data-e-type=\"container\">\n\t\t\t\t<div class=\"elementor-element elementor-element-a29b238 elementor-widget elementor-widget-text-editor\" data-id=\"a29b238\" data-element_type=\"widget\" data-e-type=\"widget\" data-widget_type=\"text-editor.default\">\n\t\t\t\t<div class=\"elementor-widget-container\">\n\t\t\t\t\t\t\t\t\t<h4>The conformity assessment for the SSCP protocol aims to ensure that implementations of this protocol between a reader and a UTL are fully compliant.<br \/>The certificate of conformity is issued by the SPAC association. CLR LABS is responsible for the conformity assessment.<br \/>The conformity assessment is carried out according to the SPAC association's test plan.<\/h4>\t\t\t\t\t\t\t\t<\/div>\n\t\t\t\t<\/div>\n\t\t\t\t<\/div>\n\t\t<div class=\"elementor-element elementor-element-e3bc605 e-con-full e-flex e-con e-child\" data-id=\"e3bc605\" data-element_type=\"container\" data-e-type=\"container\">\n\t\t\t\t<div class=\"elementor-element elementor-element-8388d81 elementor-widget elementor-widget-text-editor\" data-id=\"8388d81\" data-element_type=\"widget\" data-e-type=\"widget\" data-widget_type=\"text-editor.default\">\n\t\t\t\t<div class=\"elementor-widget-container\">\n\t\t\t\t\t\t\t\t\t<h4><strong>Conformity Assessment: <\/strong>SPAC SSCP<\/h4><h4><strong>Frameworks:<\/strong><\/h4>\t\t\t\t\t\t\t\t<\/div>\n\t\t\t\t<\/div>\n\t\t\t\t<\/div>\n\t\t<div class=\"elementor-element elementor-element-7da25b4 e-con-full e-flex e-con e-child\" data-id=\"7da25b4\" data-element_type=\"container\" data-e-type=\"container\">\n\t\t\t\t<div class=\"elementor-element elementor-element-f88ad7b elementor-widget elementor-widget-htmega-datatable-addons\" data-id=\"f88ad7b\" data-element_type=\"widget\" data-e-type=\"widget\" data-widget_type=\"htmega-datatable-addons.default\">\n\t\t\t\t<div class=\"elementor-widget-container\">\n\t\t\t\t\t        <div class=\"htmega-table-style htmega-table-style-1 htb-table-responsive\">\n            <table class=\"htb-table\">\n                                <tbody>\n                                            <tr>\n                            <td class=\"elementor-repeater-item-f6144c9\" >Test Plan<\/td><td class=\"elementor-repeater-item-1bd3910\" >plan de test 1.0.20<\/td>                        <\/tr>\n                                            <tr>\n                            <td class=\"elementor-repeater-item-12a356f\" >Norm or Referential<\/td><td class=\"elementor-repeater-item-4a7f7bc\" >TR - SPAC 2.1.7<\/td>                        <\/tr>\n                                            <tr>\n                            <td class=\"elementor-repeater-item-a480488\" >Application Profile 1<\/td><td class=\"elementor-repeater-item-89d5835\" >UTL physical access control <\/td>                        <\/tr>\n                                            <tr>\n                                                    <\/tr>\n                                            <tr>\n                            <td class=\"elementor-repeater-item-613a760\" >Application Profile 2<\/td><td class=\"elementor-repeater-item-9c9d388\" >Reader<\/td>                        <\/tr>\n                                            <tr>\n                            <td class=\"elementor-repeater-item-18eb015\" >Evaluation methodology<\/td><td class=\"elementor-repeater-item-1e55afb\" >Plan de test SSCP 1.0.20<\/td>                        <\/tr>\n                                    <\/tbody>\n            <\/table>\n        <\/div>\n        \t\t\t\t<\/div>\n\t\t\t\t<\/div>\n\t\t\t\t<\/div>\n\t\t\t\t\t<\/div>\n\t\t\t\t<\/div>\n\t\t\t\t<\/div>","protected":false},"excerpt":{"rendered":"<p>Objectif de l&lsquo;\u00e9valuation de conformit\u00e9 \u00a0 L&rsquo;\u00e9valuation de conformit\u00e9 au protocole SSCP est de garantir que les impl\u00e9mentations de ce protocole entre un lecteur et une UTL sont bien conformes.Le certificat de conformit\u00e9 est \u00e9mis par l\u2019association SPAC. CLR LABS est le responsable de l\u2019\u00e9valuation de conformit\u00e9.L\u2019\u00e9valuation de conformit\u00e9 est r\u00e9alis\u00e9e selon le plan de&hellip; <br \/> <a class=\"read-more\" href=\"https:\/\/cabinet-louis-reynaud.eu\/en\/sscp\/\">Read more<\/a><\/p>","protected":false},"author":1,"featured_media":0,"parent":0,"menu_order":0,"comment_status":"closed","ping_status":"closed","template":"","meta":{"footnotes":""},"class_list":["post-88","page","type-page","status-publish","hentry"],"_links":{"self":[{"href":"https:\/\/cabinet-louis-reynaud.eu\/en\/wp-json\/wp\/v2\/pages\/88","targetHints":{"allow":["GET"]}}],"collection":[{"href":"https:\/\/cabinet-louis-reynaud.eu\/en\/wp-json\/wp\/v2\/pages"}],"about":[{"href":"https:\/\/cabinet-louis-reynaud.eu\/en\/wp-json\/wp\/v2\/types\/page"}],"author":[{"embeddable":true,"href":"https:\/\/cabinet-louis-reynaud.eu\/en\/wp-json\/wp\/v2\/users\/1"}],"replies":[{"embeddable":true,"href":"https:\/\/cabinet-louis-reynaud.eu\/en\/wp-json\/wp\/v2\/comments?post=88"}],"version-history":[{"count":45,"href":"https:\/\/cabinet-louis-reynaud.eu\/en\/wp-json\/wp\/v2\/pages\/88\/revisions"}],"predecessor-version":[{"id":1310,"href":"https:\/\/cabinet-louis-reynaud.eu\/en\/wp-json\/wp\/v2\/pages\/88\/revisions\/1310"}],"wp:attachment":[{"href":"https:\/\/cabinet-louis-reynaud.eu\/en\/wp-json\/wp\/v2\/media?parent=88"}],"curies":[{"name":"wp","href":"https:\/\/api.w.org\/{rel}","templated":true}]}}