{"id":68,"date":"2024-09-06T07:08:09","date_gmt":"2024-09-06T07:08:09","guid":{"rendered":"https:\/\/cabinet-louis-reynaud.eu\/?page_id=68"},"modified":"2024-09-17T12:40:14","modified_gmt":"2024-09-17T12:40:14","slug":"documents-didentite","status":"publish","type":"page","link":"https:\/\/cabinet-louis-reynaud.eu\/en\/documents-didentite\/","title":{"rendered":"Documents d&rsquo;identit\u00e9"},"content":{"rendered":"<div data-elementor-type=\"wp-page\" data-elementor-id=\"68\" class=\"elementor elementor-68\">\n\t\t\t\t<div class=\"elementor-element elementor-element-d348838 e-flex e-con-boxed e-con e-parent\" data-id=\"d348838\" data-element_type=\"container\" data-e-type=\"container\">\n\t\t\t\t\t<div class=\"e-con-inner\">\n\t\t\t\t<div class=\"elementor-element elementor-element-5d7bdab elementor-widget elementor-widget-text-editor\" data-id=\"5d7bdab\" data-element_type=\"widget\" data-e-type=\"widget\" data-widget_type=\"text-editor.default\">\n\t\t\t\t<div class=\"elementor-widget-container\">\n\t\t\t\t\t\t\t\t\t<h4><strong><u>Identity documents<\/u><\/strong><\/h4><h4>CLR Cert provides compliance certification services for machine readable travel documents and mobile driving licences.<\/h4><h4>CLR Cert provides certification services for compliance with the following standards:<\/h4><ul><li><h4>TR-ICAO Part 3<\/h4><\/li><li><h4>TR-ICAO Part 4<\/h4><\/li><li><h4>ISO\/IEC 18745-2<\/h4><\/li><li><h4>ISO\/IEC 18013-5<\/h4><\/li><\/ul><h4>\u00a0<\/h4><h4>\u00a0<\/h4>\t\t\t\t\t\t\t\t<\/div>\n\t\t\t\t<\/div>\n\t\t\t\t\t<\/div>\n\t\t\t\t<\/div>\n\t\t\t\t<\/div>","protected":false},"excerpt":{"rendered":"<p>Documents d\u2019identit\u00e9 CLR Cert fournit des services de certifications de conformit\u00e9 pour les documents de voyages lisibles \u00e0 la machine ainsi que pour les permis de conduire mobiles. CLR Cert fournit des services de certification de conformit\u00e9 aux normes suivantes\u00a0: TR-ICAO Part 3 TR-ICAO Part 4 ISO\/IEC 18745-2 ISO\/IEC 18013-5 \u00a0 \u00a0<\/p>","protected":false},"author":1,"featured_media":0,"parent":0,"menu_order":0,"comment_status":"closed","ping_status":"closed","template":"","meta":{"footnotes":""},"class_list":["post-68","page","type-page","status-publish","hentry"],"_links":{"self":[{"href":"https:\/\/cabinet-louis-reynaud.eu\/en\/wp-json\/wp\/v2\/pages\/68","targetHints":{"allow":["GET"]}}],"collection":[{"href":"https:\/\/cabinet-louis-reynaud.eu\/en\/wp-json\/wp\/v2\/pages"}],"about":[{"href":"https:\/\/cabinet-louis-reynaud.eu\/en\/wp-json\/wp\/v2\/types\/page"}],"author":[{"embeddable":true,"href":"https:\/\/cabinet-louis-reynaud.eu\/en\/wp-json\/wp\/v2\/users\/1"}],"replies":[{"embeddable":true,"href":"https:\/\/cabinet-louis-reynaud.eu\/en\/wp-json\/wp\/v2\/comments?post=68"}],"version-history":[{"count":7,"href":"https:\/\/cabinet-louis-reynaud.eu\/en\/wp-json\/wp\/v2\/pages\/68\/revisions"}],"predecessor-version":[{"id":371,"href":"https:\/\/cabinet-louis-reynaud.eu\/en\/wp-json\/wp\/v2\/pages\/68\/revisions\/371"}],"wp:attachment":[{"href":"https:\/\/cabinet-louis-reynaud.eu\/en\/wp-json\/wp\/v2\/media?parent=68"}],"curies":[{"name":"wp","href":"https:\/\/api.w.org\/{rel}","templated":true}]}}