{"id":59,"date":"2024-09-05T15:34:11","date_gmt":"2024-09-05T15:34:11","guid":{"rendered":"https:\/\/cabinet-louis-reynaud.eu\/?page_id=59"},"modified":"2024-09-18T07:46:10","modified_gmt":"2024-09-18T07:46:10","slug":"eidas","status":"publish","type":"page","link":"https:\/\/cabinet-louis-reynaud.eu\/en\/eidas\/","title":{"rendered":"eIDAS"},"content":{"rendered":"<div data-elementor-type=\"wp-page\" data-elementor-id=\"59\" class=\"elementor elementor-59\">\n\t\t\t\t<div class=\"elementor-element elementor-element-16bee50 e-flex e-con-boxed e-con e-parent\" data-id=\"16bee50\" data-element_type=\"container\" data-e-type=\"container\">\n\t\t\t\t\t<div class=\"e-con-inner\">\n\t\t\t\t<div class=\"elementor-element elementor-element-dfebeaf elementor-widget elementor-widget-text-editor\" data-id=\"dfebeaf\" data-element_type=\"widget\" data-e-type=\"widget\" data-widget_type=\"text-editor.default\">\n\t\t\t\t<div class=\"elementor-widget-container\">\n\t\t\t\t\t\t\t\t\t<h4><strong>CLR Cert figure sur la liste officielle de la Commission Europ\u00e9enne en tant qu&rsquo;Organisme d&rsquo;\u00c9valuation de la Conformit\u00e9 (OEC) agr\u00e9\u00e9 \u00e0 mener des audits de certification conformes aux standards eIDAS.<\/strong><\/h4><h4><strong>Notre r\u00e9pertoire de certifi\u00e9s eIDAS est consultable via notre moteur de recherche, dans les sections \u00ab Produits certifi\u00e9s \u00bb et \u00ab Services certifi\u00e9s \u00bb.<\/strong><\/h4><h4>Le r\u00e8glement eIDAS de l&rsquo;Union Europ\u00e9enne d\u00e9finit les crit\u00e8res \u00e0 satisfaire par les fournisseurs de services de confiance (TSP), proposant des services tels que la signature \u00e9lectronique, l&rsquo;authentification de sites web, l&rsquo;envoi recommand\u00e9 \u00e9lectronique, et autres, pour op\u00e9rer au sein de l&rsquo;espace \u00e9conomique europ\u00e9en. L&rsquo;attribution de la qualification aux prestataires est r\u00e9alis\u00e9e par les autorit\u00e9s nationales de r\u00e9gulation des diff\u00e9rents \u00e9tats membres de l&rsquo;Union. Cette qualification s&rsquo;appuie sur l&rsquo;analyse d&rsquo;un rapport r\u00e9dig\u00e9 par un Organisme d&rsquo;\u00c9valuation de la Conformit\u00e9 (OEC) accr\u00e9dit\u00e9 \u00e0 effectuer ces analyses. Les prestataires qualifi\u00e9s doivent soumettre \u00e0 l&rsquo;autorit\u00e9 de r\u00e9gulation un rapport d&rsquo;audit exhaustif \u00e0 intervalles de deux ans.<\/h4><h4>CLR Cert fournit des services d\u2019audits de conformit\u00e9 aux normes suivantes\u00a0:<\/h4><ul><li><h4><strong>EN 319 102-1<\/strong><br \/><em>Electronic signatures and infrastructures (ESI) \u2013 Procedures for Creation and Validation of AdES Digital Signatures: Part 1: Creation and Validation<\/em><\/h4><\/li><\/ul><ul><li><h4><strong>EN 319 401<\/strong><br \/><em>Signatures \u00e9lectroniques et infrastructures (ESI) \u2013 Exigences de politique g\u00e9n\u00e9rale des prestataires de service de confiance<\/em><\/h4><\/li><\/ul><ul><li><h4><strong>EN 319 403<\/strong><br \/><em>Signatures \u00e9lectroniques et infrastructures (ESI) \u2013 \u00c9valuation des prestataires de services de confiance \u2013 Exigences pour les organismes d\u2019\u00e9valuation de la conformit\u00e9 \u00e9valuant des prestataires de services de confiance<\/em><\/h4><\/li><\/ul><ul><li><h4><strong>EN 319 411-1<\/strong><br \/><em>Signatures \u00e9lectroniques et infrastructures (ESI) \u2013 Exigences de politique et de s\u00e9curit\u00e9 applicables aux prestataires de service de confiance d\u00e9livrant des certificats \u2013 Partie 1 : Exigences g\u00e9n\u00e9rales<\/em><\/h4><\/li><\/ul><ul><li><h4><strong>EN 319 411-2<\/strong><br \/><em>Signatures \u00e9lectroniques et infrastructures (ESI) \u2013 Exigences de politique et de s\u00e9curit\u00e9 applicables aux prestataires de service de confiance d\u00e9livrant des certificats qualifi\u00e9s \u2013 Partie 2 : Exigences applicables aux prestataires de service de confiance d\u00e9livrant des certificats qualifi\u00e9s UE<\/em><\/h4><\/li><\/ul><ul><li><h4><strong>EN 319 421<\/strong><br \/><em>Signatures \u00e9lectroniques et infrastructures (ESI) \u2013 Exigences de s\u00e9curit\u00e9 et de politique des prestataires de service de confiance d\u00e9livrant des horodatages<\/em><\/h4><\/li><\/ul><ul><li><h4><strong>EN 319 441<\/strong><br \/><em>Electronic signatures and infrastructures (ESI) \u2013 Policy requirements for TSP providing signature validation services<\/em><\/h4><\/li><\/ul><ul><li><h4><strong>EN 319 521<\/strong><br \/><em>Electronic signatures and infrastructures (ESI) \u2013 Policy and security requirements for Electronic Registered Delivery Service Providers<\/em><\/h4><\/li><\/ul><ul><li><h4><strong>EN 319 531<\/strong><br \/><em>Electronic signatures and infrastructures (ESI) \u2013 Policy and security requirements for Electronic Mail Service Providers<\/em><\/h4><\/li><\/ul><ul><li><h4><strong>TS 102 640-3<\/strong><br \/><em>Electronic Signatures and Infrastructures; Registered Electronic Mail \u2013 Part 3: Information Security Policy requirements for REM Management Domains<\/em><\/h4><\/li><\/ul><ul><li><h4><strong>TS 119 511<\/strong><br \/><em>Electronic signatures and infrastructures (ESI) \u2013 Policy and security requirements for TSP long-term preservation of digital signatures or general data using digital signature techniques<\/em><\/h4><\/li><\/ul>\t\t\t\t\t\t\t\t<\/div>\n\t\t\t\t<\/div>\n\t\t\t\t\t<\/div>\n\t\t\t\t<\/div>\n\t\t\t\t<\/div>","protected":false},"excerpt":{"rendered":"<p>CLR Cert figure sur la liste officielle de la Commission Europ\u00e9enne en tant qu&rsquo;Organisme d&rsquo;\u00c9valuation de la Conformit\u00e9 (OEC) agr\u00e9\u00e9 \u00e0 mener des audits de certification conformes aux standards eIDAS. Notre r\u00e9pertoire de certifi\u00e9s eIDAS est consultable via notre moteur de recherche, dans les sections \u00ab Produits certifi\u00e9s \u00bb et \u00ab Services certifi\u00e9s \u00bb. Le&hellip; <br \/> <a class=\"read-more\" href=\"https:\/\/cabinet-louis-reynaud.eu\/en\/eidas\/\">Read more<\/a><\/p>","protected":false},"author":1,"featured_media":0,"parent":0,"menu_order":0,"comment_status":"closed","ping_status":"closed","template":"","meta":{"footnotes":""},"class_list":["post-59","page","type-page","status-publish","hentry"],"_links":{"self":[{"href":"https:\/\/cabinet-louis-reynaud.eu\/en\/wp-json\/wp\/v2\/pages\/59","targetHints":{"allow":["GET"]}}],"collection":[{"href":"https:\/\/cabinet-louis-reynaud.eu\/en\/wp-json\/wp\/v2\/pages"}],"about":[{"href":"https:\/\/cabinet-louis-reynaud.eu\/en\/wp-json\/wp\/v2\/types\/page"}],"author":[{"embeddable":true,"href":"https:\/\/cabinet-louis-reynaud.eu\/en\/wp-json\/wp\/v2\/users\/1"}],"replies":[{"embeddable":true,"href":"https:\/\/cabinet-louis-reynaud.eu\/en\/wp-json\/wp\/v2\/comments?post=59"}],"version-history":[{"count":10,"href":"https:\/\/cabinet-louis-reynaud.eu\/en\/wp-json\/wp\/v2\/pages\/59\/revisions"}],"predecessor-version":[{"id":394,"href":"https:\/\/cabinet-louis-reynaud.eu\/en\/wp-json\/wp\/v2\/pages\/59\/revisions\/394"}],"wp:attachment":[{"href":"https:\/\/cabinet-louis-reynaud.eu\/en\/wp-json\/wp\/v2\/media?parent=59"}],"curies":[{"name":"wp","href":"https:\/\/api.w.org\/{rel}","templated":true}]}}