{"id":502,"date":"2024-09-23T08:02:52","date_gmt":"2024-09-23T08:02:52","guid":{"rendered":"https:\/\/cabinet-louis-reynaud.eu\/?page_id=502"},"modified":"2025-07-23T14:33:37","modified_gmt":"2025-07-23T14:33:37","slug":"remote-identity-proofing-etsi-119-461","status":"publish","type":"page","link":"https:\/\/cabinet-louis-reynaud.eu\/en\/remote-identity-proofing-etsi-119-461\/","title":{"rendered":"Remote identity proofing-ETSI TS 119461"},"content":{"rendered":"<div data-elementor-type=\"wp-page\" data-elementor-id=\"502\" class=\"elementor elementor-502\">\n\t\t\t\t<div class=\"elementor-element elementor-element-e7b7c6d e-flex e-con-boxed e-con e-parent\" data-id=\"e7b7c6d\" data-element_type=\"container\" data-e-type=\"container\">\n\t\t\t\t\t<div class=\"e-con-inner\">\n\t\t<div class=\"elementor-element elementor-element-6f1240b e-con-full e-flex e-con e-child\" data-id=\"6f1240b\" data-element_type=\"container\" data-e-type=\"container\">\n\t\t\t\t<div class=\"elementor-element elementor-element-06b7877 elementor-widget elementor-widget-text-editor\" data-id=\"06b7877\" data-element_type=\"widget\" data-e-type=\"widget\" data-widget_type=\"text-editor.default\">\n\t\t\t\t<div class=\"elementor-widget-container\">\n\t\t\t\t\t\t\t\t\t<h3 class=\" translation-block\"><strong>Objective of the compliance assessment<\/strong><\/h3><h3>\u00a0<\/h3>\t\t\t\t\t\t\t\t<\/div>\n\t\t\t\t<\/div>\n\t\t\t\t<\/div>\n\t\t<div class=\"elementor-element elementor-element-05f084a e-con-full e-flex e-con e-child\" data-id=\"05f084a\" data-element_type=\"container\" data-e-type=\"container\">\n\t\t\t\t<div class=\"elementor-element elementor-element-cdb7713 elementor-widget elementor-widget-text-editor\" data-id=\"cdb7713\" data-element_type=\"widget\" data-e-type=\"widget\" data-widget_type=\"text-editor.default\">\n\t\t\t\t<div class=\"elementor-widget-container\">\n\t\t\t\t\t\t\t\t\t<h4>The conformity assessment on remote identity verification based on the ETSI TS 119461 standard allows you, as a remote identity verification service, to ensure that you have taken into account all the normative requirements defined in the ETSI TS 119461 standard. It also confirms that your system has been tested for resistance to biometric presentation attacks (PAD) and biometric injection attacks (IAD).<\/h4>\t\t\t\t\t\t\t\t<\/div>\n\t\t\t\t<\/div>\n\t\t\t\t<\/div>\n\t\t<div class=\"elementor-element elementor-element-a1b146b e-con-full e-flex e-con e-child\" data-id=\"a1b146b\" data-element_type=\"container\" data-e-type=\"container\">\n\t\t\t\t<div class=\"elementor-element elementor-element-eb9c24f elementor-widget elementor-widget-text-editor\" data-id=\"eb9c24f\" data-element_type=\"widget\" data-e-type=\"widget\" data-widget_type=\"text-editor.default\">\n\t\t\t\t<div class=\"elementor-widget-container\">\n\t\t\t\t\t\t\t\t\t<h4><strong><b>C<\/b>ompliance assessment:<\/strong><strong> : <\/strong>Remote identity proofing-ETSI TS 119461<\/h4><h4><strong>Frameworks:<\/strong><\/h4>\t\t\t\t\t\t\t\t<\/div>\n\t\t\t\t<\/div>\n\t\t\t\t<\/div>\n\t\t<div class=\"elementor-element elementor-element-720b13b e-con-full e-flex e-con e-child\" data-id=\"720b13b\" data-element_type=\"container\" data-e-type=\"container\">\n\t\t\t\t<div class=\"elementor-element elementor-element-7bb8449 elementor-widget elementor-widget-htmega-datatable-addons\" data-id=\"7bb8449\" data-element_type=\"widget\" data-e-type=\"widget\" data-widget_type=\"htmega-datatable-addons.default\">\n\t\t\t\t<div class=\"elementor-widget-container\">\n\t\t\t\t\t        <div class=\"htmega-table-style htmega-table-style-1 htb-table-responsive\">\n            <table class=\"htb-table\">\n                                <tbody>\n                                            <tr>\n                            <td class=\"elementor-repeater-item-f6144c9\" >Test Plan<\/td><td class=\"elementor-repeater-item-1bd3910\" >CLR.PRO.035.RIDP<\/td>                        <\/tr>\n                                            <tr>\n                            <td class=\"elementor-repeater-item-12a356f\" >Norm or Referential<\/td><td class=\"elementor-repeater-item-4a7f7bc\" >ETSI TS 119 461 v1.1.6<\/td>                        <\/tr>\n                                            <tr>\n                            <td class=\"elementor-repeater-item-a480488\" >Application Profile 1<\/td><td class=\"elementor-repeater-item-89d5835\" >N.A<\/td>                        <\/tr>\n                                            <tr>\n                            <td class=\"elementor-repeater-item-18eb015\" >Evaluation methodology<\/td><td class=\"elementor-repeater-item-1e55afb\" >ISO\/IEC 19011<\/td>                        <\/tr>\n                                    <\/tbody>\n            <\/table>\n        <\/div>\n        \t\t\t\t<\/div>\n\t\t\t\t<\/div>\n\t\t\t\t<\/div>\n\t\t\t\t\t<\/div>\n\t\t\t\t<\/div>\n\t\t\t\t<\/div>","protected":false},"excerpt":{"rendered":"<p>Objectif de l&lsquo;\u00e9valuation de conformit\u00e9 \u00a0 L&rsquo;\u00e9valuation de conformit\u00e9 sur la v\u00e9rification d&rsquo;identit\u00e9 \u00e0 distance bas\u00e9 sur la norme ETSI TS 119461 vous permet en tant que service de v\u00e9rification d&rsquo;identit\u00e9 \u00e0 distance de v\u00e9rifier que vous avez bien tenu compte de toutes les exigences normatives d\u00e9finies dans la norme ETSI TS 119461 et aussi&hellip; <br \/> <a class=\"read-more\" href=\"https:\/\/cabinet-louis-reynaud.eu\/en\/remote-identity-proofing-etsi-119-461\/\">Read more<\/a><\/p>","protected":false},"author":1,"featured_media":0,"parent":0,"menu_order":0,"comment_status":"closed","ping_status":"closed","template":"","meta":{"footnotes":""},"class_list":["post-502","page","type-page","status-publish","hentry"],"_links":{"self":[{"href":"https:\/\/cabinet-louis-reynaud.eu\/en\/wp-json\/wp\/v2\/pages\/502","targetHints":{"allow":["GET"]}}],"collection":[{"href":"https:\/\/cabinet-louis-reynaud.eu\/en\/wp-json\/wp\/v2\/pages"}],"about":[{"href":"https:\/\/cabinet-louis-reynaud.eu\/en\/wp-json\/wp\/v2\/types\/page"}],"author":[{"embeddable":true,"href":"https:\/\/cabinet-louis-reynaud.eu\/en\/wp-json\/wp\/v2\/users\/1"}],"replies":[{"embeddable":true,"href":"https:\/\/cabinet-louis-reynaud.eu\/en\/wp-json\/wp\/v2\/comments?post=502"}],"version-history":[{"count":35,"href":"https:\/\/cabinet-louis-reynaud.eu\/en\/wp-json\/wp\/v2\/pages\/502\/revisions"}],"predecessor-version":[{"id":1313,"href":"https:\/\/cabinet-louis-reynaud.eu\/en\/wp-json\/wp\/v2\/pages\/502\/revisions\/1313"}],"wp:attachment":[{"href":"https:\/\/cabinet-louis-reynaud.eu\/en\/wp-json\/wp\/v2\/media?parent=502"}],"curies":[{"name":"wp","href":"https:\/\/api.w.org\/{rel}","templated":true}]}}