{"id":434,"date":"2024-09-20T08:36:43","date_gmt":"2024-09-20T08:36:43","guid":{"rendered":"https:\/\/cabinet-louis-reynaud.eu\/?page_id=434"},"modified":"2025-07-23T13:27:50","modified_gmt":"2025-07-23T13:27:50","slug":"biometrie-format-de-donnees","status":"publish","type":"page","link":"https:\/\/cabinet-louis-reynaud.eu\/en\/biometrie-format-de-donnees\/","title":{"rendered":"Biometric Data Format"},"content":{"rendered":"<div data-elementor-type=\"wp-page\" data-elementor-id=\"434\" class=\"elementor elementor-434\">\n\t\t\t\t<div class=\"elementor-element elementor-element-fdb53ea e-flex e-con-boxed e-con e-parent\" data-id=\"fdb53ea\" data-element_type=\"container\" data-e-type=\"container\">\n\t\t\t\t\t<div class=\"e-con-inner\">\n\t\t\t\t<div class=\"elementor-element elementor-element-9fe35d3 elementor-widget elementor-widget-text-editor\" data-id=\"9fe35d3\" data-element_type=\"widget\" data-e-type=\"widget\" data-widget_type=\"text-editor.default\">\n\t\t\t\t<div class=\"elementor-widget-container\">\n\t\t\t\t\t\t\t\t\t<h3 class=\" translation-block\"><strong>Objective of the compliance assessment<\/strong><\/h3>\t\t\t\t\t\t\t\t<\/div>\n\t\t\t\t<\/div>\n\t\t\t\t\t<\/div>\n\t\t\t\t<\/div>\n\t\t<div class=\"elementor-element elementor-element-25423fd e-flex e-con-boxed e-con e-parent\" data-id=\"25423fd\" data-element_type=\"container\" data-e-type=\"container\">\n\t\t\t\t\t<div class=\"e-con-inner\">\n\t\t\t\t<div class=\"elementor-element elementor-element-51aa55e elementor-widget elementor-widget-text-editor\" data-id=\"51aa55e\" data-element_type=\"widget\" data-e-type=\"widget\" data-widget_type=\"text-editor.default\">\n\t\t\t\t<div class=\"elementor-widget-container\">\n\t\t\t\t\t\t\t\t\t<h4>The conformity assessment of biometric data exchange formats allows you to verify that the data captured with your biometric capture products comply with the standards.<\/h4>\t\t\t\t\t\t\t\t<\/div>\n\t\t\t\t<\/div>\n\t\t\t\t\t<\/div>\n\t\t\t\t<\/div>\n\t\t<div class=\"elementor-element elementor-element-e560f2a e-flex e-con-boxed e-con e-parent\" data-id=\"e560f2a\" data-element_type=\"container\" data-e-type=\"container\">\n\t\t\t\t\t<div class=\"e-con-inner\">\n\t\t\t\t<div class=\"elementor-element elementor-element-abed505 elementor-widget elementor-widget-text-editor\" data-id=\"abed505\" data-element_type=\"widget\" data-e-type=\"widget\" data-widget_type=\"text-editor.default\">\n\t\t\t\t<div class=\"elementor-widget-container\">\n\t\t\t\t\t\t\t\t\t<h4><strong>Compliance assessment: <\/strong>Biometric data exchange format<\/h4><h4><strong>Frameworks:<\/strong><\/h4>\t\t\t\t\t\t\t\t<\/div>\n\t\t\t\t<\/div>\n\t\t\t\t\t<\/div>\n\t\t\t\t<\/div>\n\t\t<div class=\"elementor-element elementor-element-e0c2275 e-flex e-con-boxed e-con e-parent\" data-id=\"e0c2275\" data-element_type=\"container\" data-e-type=\"container\">\n\t\t\t\t\t<div class=\"e-con-inner\">\n\t\t\t\t<div class=\"elementor-element elementor-element-67c7cc3 elementor-widget elementor-widget-htmega-datatable-addons\" data-id=\"67c7cc3\" data-element_type=\"widget\" data-e-type=\"widget\" data-widget_type=\"htmega-datatable-addons.default\">\n\t\t\t\t<div class=\"elementor-widget-container\">\n\t\t\t\t\t        <div class=\"htmega-table-style htmega-table-style-1 htb-table-responsive\">\n            <table class=\"htb-table\">\n                                <tbody>\n                                            <tr>\n                            <td class=\"elementor-repeater-item-f6144c9\" >Test Plan<\/td><td class=\"elementor-repeater-item-1bd3910\" >CLR.PRO.003.PTPCLR<\/td>                        <\/tr>\n                                            <tr>\n                            <td class=\"elementor-repeater-item-12a356f\" >Norm or Referential<\/td><td class=\"elementor-repeater-item-4a7f7bc\" >ISO\/IEC 19794-7<\/td>                        <\/tr>\n                                            <tr>\n                            <td class=\"elementor-repeater-item-a480488\" >Application Profile 1<\/td><td class=\"elementor-repeater-item-89d5835\" >ISO\/IEC 19794-7:2011<\/td>                        <\/tr>\n                                            <tr>\n                                                    <\/tr>\n                                            <tr>\n                            <td class=\"elementor-repeater-item-613a760\" >Application Profile 2<\/td><td class=\"elementor-repeater-item-9c9d388\" > ISO\/IEC 19794-7:2021<\/td>                        <\/tr>\n                                            <tr>\n                            <td class=\"elementor-repeater-item-18eb015\" >Evaluation methodology<\/td><td class=\"elementor-repeater-item-1e55afb\" >ISO\/IEC 19794-7<\/td>                        <\/tr>\n                                    <\/tbody>\n            <\/table>\n        <\/div>\n        \t\t\t\t<\/div>\n\t\t\t\t<\/div>\n\t\t\t\t\t<\/div>\n\t\t\t\t<\/div>\n\t\t\t\t<\/div>","protected":false},"excerpt":{"rendered":"<p>Objectif de l&lsquo;\u00e9valuation de conformit\u00e9 L&rsquo;\u00e9valuation de conformit\u00e9 des formats d&rsquo;\u00e9change de donn\u00e9es biom\u00e9triques vous permet de v\u00e9rifier que les donn\u00e9es captur\u00e9es avec vos produits de capture biom\u00e9trique sont bien conformes aux normes. \u00c9valuation de conformit\u00e9 : Biom\u00e9trie Format d&rsquo;\u00e9change de donn\u00e9es biom\u00e9triques R\u00e9f\u00e9rentiels : Plan de test CLR.PRO.003.PTPCLR Norme ou Referentiel ISO\/IEC 19794-7 Application&hellip; <br \/> <a class=\"read-more\" href=\"https:\/\/cabinet-louis-reynaud.eu\/en\/biometrie-format-de-donnees\/\">Read more<\/a><\/p>","protected":false},"author":1,"featured_media":0,"parent":0,"menu_order":0,"comment_status":"closed","ping_status":"closed","template":"","meta":{"footnotes":""},"class_list":["post-434","page","type-page","status-publish","hentry"],"_links":{"self":[{"href":"https:\/\/cabinet-louis-reynaud.eu\/en\/wp-json\/wp\/v2\/pages\/434","targetHints":{"allow":["GET"]}}],"collection":[{"href":"https:\/\/cabinet-louis-reynaud.eu\/en\/wp-json\/wp\/v2\/pages"}],"about":[{"href":"https:\/\/cabinet-louis-reynaud.eu\/en\/wp-json\/wp\/v2\/types\/page"}],"author":[{"embeddable":true,"href":"https:\/\/cabinet-louis-reynaud.eu\/en\/wp-json\/wp\/v2\/users\/1"}],"replies":[{"embeddable":true,"href":"https:\/\/cabinet-louis-reynaud.eu\/en\/wp-json\/wp\/v2\/comments?post=434"}],"version-history":[{"count":13,"href":"https:\/\/cabinet-louis-reynaud.eu\/en\/wp-json\/wp\/v2\/pages\/434\/revisions"}],"predecessor-version":[{"id":1286,"href":"https:\/\/cabinet-louis-reynaud.eu\/en\/wp-json\/wp\/v2\/pages\/434\/revisions\/1286"}],"wp:attachment":[{"href":"https:\/\/cabinet-louis-reynaud.eu\/en\/wp-json\/wp\/v2\/media?parent=434"}],"curies":[{"name":"wp","href":"https:\/\/api.w.org\/{rel}","templated":true}]}}