{"id":433,"date":"2024-09-20T08:36:24","date_gmt":"2024-09-20T08:36:24","guid":{"rendered":"https:\/\/cabinet-louis-reynaud.eu\/?page_id=433"},"modified":"2025-07-23T13:15:41","modified_gmt":"2025-07-23T13:15:41","slug":"biometrie-performance","status":"publish","type":"page","link":"https:\/\/cabinet-louis-reynaud.eu\/en\/biometrie-performance\/","title":{"rendered":"Biometric Performance"},"content":{"rendered":"<div data-elementor-type=\"wp-page\" data-elementor-id=\"433\" class=\"elementor elementor-433\">\n\t\t\t\t<div class=\"elementor-element elementor-element-fdb53ea e-flex e-con-boxed e-con e-parent\" data-id=\"fdb53ea\" data-element_type=\"container\" data-e-type=\"container\">\n\t\t\t\t\t<div class=\"e-con-inner\">\n\t\t\t\t<div class=\"elementor-element elementor-element-9fe35d3 elementor-widget elementor-widget-text-editor\" data-id=\"9fe35d3\" data-element_type=\"widget\" data-e-type=\"widget\" data-widget_type=\"text-editor.default\">\n\t\t\t\t<div class=\"elementor-widget-container\">\n\t\t\t\t\t\t\t\t\t<h3 class=\" translation-block\">Objective of the compliance assessment<\/h3>\t\t\t\t\t\t\t\t<\/div>\n\t\t\t\t<\/div>\n\t\t\t\t\t<\/div>\n\t\t\t\t<\/div>\n\t\t<div class=\"elementor-element elementor-element-25423fd e-flex e-con-boxed e-con e-parent\" data-id=\"25423fd\" data-element_type=\"container\" data-e-type=\"container\">\n\t\t\t\t\t<div class=\"e-con-inner\">\n\t\t\t\t<div class=\"elementor-element elementor-element-51aa55e elementor-widget elementor-widget-text-editor\" data-id=\"51aa55e\" data-element_type=\"widget\" data-e-type=\"widget\" data-widget_type=\"text-editor.default\">\n\t\t\t\t<div class=\"elementor-widget-container\">\n\t\t\t\t\t\t\t\t\t<h4>The compliance assessment of biometric performance allows you to test the performance of your biometric comparison algorithm, enabling the evaluation of false rejections and false acceptances.<\/h4>\t\t\t\t\t\t\t\t<\/div>\n\t\t\t\t<\/div>\n\t\t\t\t\t<\/div>\n\t\t\t\t<\/div>\n\t\t<div class=\"elementor-element elementor-element-e560f2a e-flex e-con-boxed e-con e-parent\" data-id=\"e560f2a\" data-element_type=\"container\" data-e-type=\"container\">\n\t\t\t\t\t<div class=\"e-con-inner\">\n\t\t\t\t<div class=\"elementor-element elementor-element-abed505 elementor-widget elementor-widget-text-editor\" data-id=\"abed505\" data-element_type=\"widget\" data-e-type=\"widget\" data-widget_type=\"text-editor.default\">\n\t\t\t\t<div class=\"elementor-widget-container\">\n\t\t\t\t\t\t\t\t\t<h4><strong>Compliance assessment: <\/strong>Biometric Performance test in technology mode<\/h4><h4><strong>Frameworks:<\/strong><\/h4>\t\t\t\t\t\t\t\t<\/div>\n\t\t\t\t<\/div>\n\t\t\t\t\t<\/div>\n\t\t\t\t<\/div>\n\t\t<div class=\"elementor-element elementor-element-e0c2275 e-flex e-con-boxed e-con e-parent\" data-id=\"e0c2275\" data-element_type=\"container\" data-e-type=\"container\">\n\t\t\t\t\t<div class=\"e-con-inner\">\n\t\t\t\t<div class=\"elementor-element elementor-element-67c7cc3 elementor-widget elementor-widget-htmega-datatable-addons\" data-id=\"67c7cc3\" data-element_type=\"widget\" data-e-type=\"widget\" data-widget_type=\"htmega-datatable-addons.default\">\n\t\t\t\t<div class=\"elementor-widget-container\">\n\t\t\t\t\t        <div class=\"htmega-table-style htmega-table-style-1 htb-table-responsive\">\n            <table class=\"htb-table\">\n                                <tbody>\n                                            <tr>\n                            <td class=\"elementor-repeater-item-f6144c9\" >Test Plan<\/td><td class=\"elementor-repeater-item-1bd3910\" >CLR.PRO.003.PTPCLR<\/td>                        <\/tr>\n                                            <tr>\n                            <td class=\"elementor-repeater-item-12a356f\" >Norm or Referential<\/td><td class=\"elementor-repeater-item-4a7f7bc\" >ISO\/IEC 19795-2<\/td>                        <\/tr>\n                                            <tr>\n                            <td class=\"elementor-repeater-item-a480488\" >Application Profile<\/td><td class=\"elementor-repeater-item-89d5835\" >Technology mode<\/td>                        <\/tr>\n                                            <tr>\n                            <td class=\"elementor-repeater-item-18eb015\" >Evaluation methodology<\/td><td class=\"elementor-repeater-item-1e55afb\" >ISO\/IEC 17995-2<\/td>                        <\/tr>\n                                    <\/tbody>\n            <\/table>\n        <\/div>\n        \t\t\t\t<\/div>\n\t\t\t\t<\/div>\n\t\t\t\t\t<\/div>\n\t\t\t\t<\/div>\n\t\t\t\t<\/div>","protected":false},"excerpt":{"rendered":"<p>Objectif de l&rsquo;\u00e9valuation de conformit\u00e9 l&rsquo;\u00e9valuation de conformit\u00e9 de la performance biom\u00e9trique vous permet de tester les performances de votre algorithme de comparaison biom\u00e9trique, permettant ainsi d\u2019\u00e9valuer les faux rejets et les fausses acceptations. \u00c9valuation de conformit\u00e9 : Biom\u00e9trie Test de Performance en mode Technologique R\u00e9f\u00e9rentiels : Plan de test CLR.PRO.003.PTPCLR Norme ou Referentiel ISO\/IEC&hellip; <br \/> <a class=\"read-more\" href=\"https:\/\/cabinet-louis-reynaud.eu\/en\/biometrie-performance\/\">Read more<\/a><\/p>","protected":false},"author":1,"featured_media":0,"parent":0,"menu_order":0,"comment_status":"closed","ping_status":"closed","template":"","meta":{"footnotes":""},"class_list":["post-433","page","type-page","status-publish","hentry"],"_links":{"self":[{"href":"https:\/\/cabinet-louis-reynaud.eu\/en\/wp-json\/wp\/v2\/pages\/433","targetHints":{"allow":["GET"]}}],"collection":[{"href":"https:\/\/cabinet-louis-reynaud.eu\/en\/wp-json\/wp\/v2\/pages"}],"about":[{"href":"https:\/\/cabinet-louis-reynaud.eu\/en\/wp-json\/wp\/v2\/types\/page"}],"author":[{"embeddable":true,"href":"https:\/\/cabinet-louis-reynaud.eu\/en\/wp-json\/wp\/v2\/users\/1"}],"replies":[{"embeddable":true,"href":"https:\/\/cabinet-louis-reynaud.eu\/en\/wp-json\/wp\/v2\/comments?post=433"}],"version-history":[{"count":16,"href":"https:\/\/cabinet-louis-reynaud.eu\/en\/wp-json\/wp\/v2\/pages\/433\/revisions"}],"predecessor-version":[{"id":1269,"href":"https:\/\/cabinet-louis-reynaud.eu\/en\/wp-json\/wp\/v2\/pages\/433\/revisions\/1269"}],"wp:attachment":[{"href":"https:\/\/cabinet-louis-reynaud.eu\/en\/wp-json\/wp\/v2\/media?parent=433"}],"curies":[{"name":"wp","href":"https:\/\/api.w.org\/{rel}","templated":true}]}}