{"id":431,"date":"2024-09-20T08:34:35","date_gmt":"2024-09-20T08:34:35","guid":{"rendered":"https:\/\/cabinet-louis-reynaud.eu\/?page_id=431"},"modified":"2025-07-23T13:23:22","modified_gmt":"2025-07-23T13:23:22","slug":"biometrie-iad","status":"publish","type":"page","link":"https:\/\/cabinet-louis-reynaud.eu\/en\/biometrie-iad\/","title":{"rendered":"Biometric IAD"},"content":{"rendered":"<div data-elementor-type=\"wp-page\" data-elementor-id=\"431\" class=\"elementor elementor-431\">\n\t\t\t\t<div class=\"elementor-element elementor-element-fdb53ea e-flex e-con-boxed e-con e-parent\" data-id=\"fdb53ea\" data-element_type=\"container\" data-e-type=\"container\">\n\t\t\t\t\t<div class=\"e-con-inner\">\n\t\t\t\t<div class=\"elementor-element elementor-element-9fe35d3 elementor-widget elementor-widget-text-editor\" data-id=\"9fe35d3\" data-element_type=\"widget\" data-e-type=\"widget\" data-widget_type=\"text-editor.default\">\n\t\t\t\t<div class=\"elementor-widget-container\">\n\t\t\t\t\t\t\t\t\t<h3 class=\" translation-block\">Objective of the compliance assessment<\/h3><h3>\u00a0<\/h3>\t\t\t\t\t\t\t\t<\/div>\n\t\t\t\t<\/div>\n\t\t\t\t\t<\/div>\n\t\t\t\t<\/div>\n\t\t<div class=\"elementor-element elementor-element-25423fd e-flex e-con-boxed e-con e-parent\" data-id=\"25423fd\" data-element_type=\"container\" data-e-type=\"container\">\n\t\t\t\t\t<div class=\"e-con-inner\">\n\t\t\t\t<div class=\"elementor-element elementor-element-51aa55e elementor-widget elementor-widget-text-editor\" data-id=\"51aa55e\" data-element_type=\"widget\" data-e-type=\"widget\" data-widget_type=\"text-editor.default\">\n\t\t\t\t<div class=\"elementor-widget-container\">\n\t\t\t\t\t\t\t\t\t<h4>The compliance assessment for evaluating the detection level of your injection detection system based on biometric technologies allows you to certify the detection capability of your system by using the evaluation methodology from the CEN TS 18099 standard.<\/h4>\t\t\t\t\t\t\t\t<\/div>\n\t\t\t\t<\/div>\n\t\t\t\t\t<\/div>\n\t\t\t\t<\/div>\n\t\t<div class=\"elementor-element elementor-element-e560f2a e-flex e-con-boxed e-con e-parent\" data-id=\"e560f2a\" data-element_type=\"container\" data-e-type=\"container\">\n\t\t\t\t\t<div class=\"e-con-inner\">\n\t\t\t\t<div class=\"elementor-element elementor-element-abed505 elementor-widget elementor-widget-text-editor\" data-id=\"abed505\" data-element_type=\"widget\" data-e-type=\"widget\" data-widget_type=\"text-editor.default\">\n\t\t\t\t<div class=\"elementor-widget-container\">\n\t\t\t\t\t\t\t\t\t<h4><strong><b>C<\/b>ompliance assessment: <\/strong>Biometric Injection Attack Detection<\/h4><h4><strong>Frameworks:<\/strong><\/h4>\t\t\t\t\t\t\t\t<\/div>\n\t\t\t\t<\/div>\n\t\t\t\t\t<\/div>\n\t\t\t\t<\/div>\n\t\t<div class=\"elementor-element elementor-element-e0c2275 e-flex e-con-boxed e-con e-parent\" data-id=\"e0c2275\" data-element_type=\"container\" data-e-type=\"container\">\n\t\t\t\t\t<div class=\"e-con-inner\">\n\t\t\t\t<div class=\"elementor-element elementor-element-67c7cc3 elementor-widget elementor-widget-htmega-datatable-addons\" data-id=\"67c7cc3\" data-element_type=\"widget\" data-e-type=\"widget\" data-widget_type=\"htmega-datatable-addons.default\">\n\t\t\t\t<div class=\"elementor-widget-container\">\n\t\t\t\t\t        <div class=\"htmega-table-style htmega-table-style-1 htb-table-responsive\">\n            <table class=\"htb-table\">\n                                <tbody>\n                                            <tr>\n                            <td class=\"elementor-repeater-item-f6144c9\" >Test Plan<\/td><td class=\"elementor-repeater-item-1bd3910\" >CLR.PRO.028.PTIAD<\/td>                        <\/tr>\n                                            <tr>\n                            <td class=\"elementor-repeater-item-12a356f\" >Norm or Referential<\/td><td class=\"elementor-repeater-item-4a7f7bc\" >CEN TS 18099<\/td>                        <\/tr>\n                                            <tr>\n                            <td class=\"elementor-repeater-item-a480488\" >Application Profile<\/td><td class=\"elementor-repeater-item-613a760\" >N.A.<\/td>                        <\/tr>\n                                            <tr>\n                            <td class=\"elementor-repeater-item-18eb015\" >Evaluation methodology<\/td><td class=\"elementor-repeater-item-1e55afb\" >CEN TS 18099<\/td>                        <\/tr>\n                                    <\/tbody>\n            <\/table>\n        <\/div>\n        \t\t\t\t<\/div>\n\t\t\t\t<\/div>\n\t\t\t\t\t<\/div>\n\t\t\t\t<\/div>\n\t\t\t\t<\/div>","protected":false},"excerpt":{"rendered":"<p>Objectif de l&rsquo;\u00e9valuation de conformit\u00e9 \u00a0 l&rsquo;\u00e9valuation de conformit\u00e9 d\u2019\u00e9valuation du niveau de votre syst\u00e8me de d\u00e9tection d\u2019injection bas\u00e9 sur les technologies biom\u00e9triques permet de certifier un niveau de d\u00e9tection de votre syst\u00e8me en utilisant la m\u00e9thodologie d\u2019\u00e9valuation de la norme CEN TS 18099. \u00c9valuation de conformit\u00e9 : Biom\u00e9trie D\u00e9tection d&rsquo;Attaque par Injection (IAD) R\u00e9f\u00e9rentiels&hellip; <br \/> <a class=\"read-more\" href=\"https:\/\/cabinet-louis-reynaud.eu\/en\/biometrie-iad\/\">Read more<\/a><\/p>","protected":false},"author":1,"featured_media":0,"parent":0,"menu_order":0,"comment_status":"closed","ping_status":"closed","template":"","meta":{"footnotes":""},"class_list":["post-431","page","type-page","status-publish","hentry"],"_links":{"self":[{"href":"https:\/\/cabinet-louis-reynaud.eu\/en\/wp-json\/wp\/v2\/pages\/431","targetHints":{"allow":["GET"]}}],"collection":[{"href":"https:\/\/cabinet-louis-reynaud.eu\/en\/wp-json\/wp\/v2\/pages"}],"about":[{"href":"https:\/\/cabinet-louis-reynaud.eu\/en\/wp-json\/wp\/v2\/types\/page"}],"author":[{"embeddable":true,"href":"https:\/\/cabinet-louis-reynaud.eu\/en\/wp-json\/wp\/v2\/users\/1"}],"replies":[{"embeddable":true,"href":"https:\/\/cabinet-louis-reynaud.eu\/en\/wp-json\/wp\/v2\/comments?post=431"}],"version-history":[{"count":31,"href":"https:\/\/cabinet-louis-reynaud.eu\/en\/wp-json\/wp\/v2\/pages\/431\/revisions"}],"predecessor-version":[{"id":1276,"href":"https:\/\/cabinet-louis-reynaud.eu\/en\/wp-json\/wp\/v2\/pages\/431\/revisions\/1276"}],"wp:attachment":[{"href":"https:\/\/cabinet-louis-reynaud.eu\/en\/wp-json\/wp\/v2\/media?parent=431"}],"curies":[{"name":"wp","href":"https:\/\/api.w.org\/{rel}","templated":true}]}}