{"id":238,"date":"2024-09-06T14:20:46","date_gmt":"2024-09-06T14:20:46","guid":{"rendered":"https:\/\/cabinet-louis-reynaud.eu\/?page_id=238"},"modified":"2024-09-09T06:43:54","modified_gmt":"2024-09-09T06:43:54","slug":"laboratoires-habilites","status":"publish","type":"page","link":"https:\/\/cabinet-louis-reynaud.eu\/en\/laboratoires-habilites\/","title":{"rendered":"Laboratoires habilit\u00e9s"},"content":{"rendered":"<div class=\"wp-block-columns is-layout-flex wp-container-core-columns-is-layout-1 wp-block-columns-is-layout-flex\">\n<div class=\"wp-block-column is-layout-flow wp-block-column-is-layout-flow\" style=\"flex-basis:2000px\">\n<figure class=\"wp-block-table is-style-stripes has-x-large-font-size\"><table class=\"has-fixed-layout\"><thead><tr><th class=\"has-text-align-center\" data-align=\"center\">Last Name<\/th><th>Localisation<\/th><th>P\u00e9rim\u00e8tre habilitation<\/th><th>N\u00b0 Habilitation<\/th><th>Contact Us<\/th><\/tr><\/thead><tbody><tr><td class=\"has-text-align-center\" data-align=\"center\">CLR Labs<\/td><td>La Ciotat (13)<br>France<\/td><td>EUDIW, FitCEM, Biom\u00e9trie, V\u00e9rification d\u2019identit\u00e9, Cybers\u00e9curit\u00e9, Documents d\u2019identit\u00e9 (ISO\/IEC 18013-5)<\/td><td>xxx<\/td><td><a href=\"mailto:info@cabinet-louis-reynaud.fr\">info@cabinet-louis-reynaud.fr<\/a><br>+33 6 81 82 35 92<br>website<\/td><\/tr><tr><td class=\"has-text-align-center\" data-align=\"center\">Elitt<\/td><td>Caen (14)<br>France<\/td><td>Biom\u00e9trie (19795)<\/td><td><\/td><td><a href=\"mailto:communication@elitt.com\">communication@elitt.com<\/a><br>+33 (0)2 31 35 34 60<br>website<\/td><\/tr><tr><td class=\"has-text-align-center\" data-align=\"center\">ICube<\/td><td>Salon de Provence (13)<br>France<\/td><td>Documents d\u2019identit\u00e9 (ICAO TR Part 3, ICAO TR Part 4, ISO\/IEC 18745-2)<\/td><td><\/td><td><a href=\"mailto:contact@icube-tc.com\">contact@icube-tc.com<\/a><br>+33 (0)4 90 57 73 29<br>website<\/td><\/tr><tr><td class=\"has-text-align-center\" data-align=\"center\">Red Alert Lab<\/td><td>Red Alert Lab<\/td><td>IoT<\/td><td><\/td><td>contact@redalertlabs.com<br>+33 9 51 79 07 87<br>website<\/td><\/tr><\/tbody><\/table><\/figure>\n<\/div>\n<\/div>","protected":false},"excerpt":{"rendered":"<p>NomLocalisationP\u00e9rim\u00e8tre habilitationN\u00b0 HabilitationContactCLR LabsLa Ciotat (13)FranceEUDIW, FitCEM, Biom\u00e9trie, V\u00e9rification d\u2019identit\u00e9, Cybers\u00e9curit\u00e9, Documents d\u2019identit\u00e9 (ISO\/IEC 18013-5)xxxinfo@cabinet-louis-reynaud.fr+33 6 81 82 35 92websiteElittCaen (14)FranceBiom\u00e9trie (19795)communication@elitt.com+33 (0)2 31 35 34 60websiteICubeSalon de Provence (13)FranceDocuments d\u2019identit\u00e9 (ICAO TR Part 3, ICAO TR Part 4, ISO\/IEC 18745-2)contact@icube-tc.com+33 (0)4 90 57 73 29websiteRed Alert LabRed Alert LabIoTcontact@redalertlabs.com+33 9 51 79 07 87website<\/p>","protected":false},"author":1,"featured_media":0,"parent":0,"menu_order":0,"comment_status":"closed","ping_status":"closed","template":"pro\/page-templates\/full-width-page.php","meta":{"footnotes":""},"class_list":["post-238","page","type-page","status-publish","hentry"],"_links":{"self":[{"href":"https:\/\/cabinet-louis-reynaud.eu\/en\/wp-json\/wp\/v2\/pages\/238","targetHints":{"allow":["GET"]}}],"collection":[{"href":"https:\/\/cabinet-louis-reynaud.eu\/en\/wp-json\/wp\/v2\/pages"}],"about":[{"href":"https:\/\/cabinet-louis-reynaud.eu\/en\/wp-json\/wp\/v2\/types\/page"}],"author":[{"embeddable":true,"href":"https:\/\/cabinet-louis-reynaud.eu\/en\/wp-json\/wp\/v2\/users\/1"}],"replies":[{"embeddable":true,"href":"https:\/\/cabinet-louis-reynaud.eu\/en\/wp-json\/wp\/v2\/comments?post=238"}],"version-history":[{"count":13,"href":"https:\/\/cabinet-louis-reynaud.eu\/en\/wp-json\/wp\/v2\/pages\/238\/revisions"}],"predecessor-version":[{"id":262,"href":"https:\/\/cabinet-louis-reynaud.eu\/en\/wp-json\/wp\/v2\/pages\/238\/revisions\/262"}],"wp:attachment":[{"href":"https:\/\/cabinet-louis-reynaud.eu\/en\/wp-json\/wp\/v2\/media?parent=238"}],"curies":[{"name":"wp","href":"https:\/\/api.w.org\/{rel}","templated":true}]}}