{"id":1369,"date":"2025-07-24T14:07:29","date_gmt":"2025-07-24T14:07:29","guid":{"rendered":"https:\/\/cabinet-louis-reynaud.eu\/?page_id=1369"},"modified":"2025-07-28T08:41:32","modified_gmt":"2025-07-28T08:41:32","slug":"facetrust","status":"publish","type":"page","link":"https:\/\/cabinet-louis-reynaud.eu\/en\/facetrust\/","title":{"rendered":"Facetrust"},"content":{"rendered":"<div data-elementor-type=\"wp-page\" data-elementor-id=\"1369\" class=\"elementor elementor-1369\">\n\t\t\t\t<div class=\"elementor-element elementor-element-77eb4b2 e-flex e-con-boxed e-con e-parent\" data-id=\"77eb4b2\" data-element_type=\"container\" data-e-type=\"container\">\n\t\t\t\t\t<div class=\"e-con-inner\">\n\t\t\t\t<div class=\"elementor-element elementor-element-07c01fc elementor-widget elementor-widget-heading\" data-id=\"07c01fc\" data-element_type=\"widget\" data-e-type=\"widget\" data-widget_type=\"heading.default\">\n\t\t\t\t<div class=\"elementor-widget-container\">\n\t\t\t\t\t<h2 class=\"elementor-heading-title elementor-size-default\">FaceTrust\u00a9 \u2013 The evaluation platform for biometric fraud detection by human operators\n\n<\/h2>\t\t\t\t<\/div>\n\t\t\t\t<\/div>\n\t\t\t\t\t<\/div>\n\t\t\t\t<\/div>\n\t\t<div class=\"elementor-element elementor-element-11c99ac e-flex e-con-boxed e-con e-parent\" data-id=\"11c99ac\" data-element_type=\"container\" data-e-type=\"container\">\n\t\t\t\t\t<div class=\"e-con-inner\">\n\t\t\t\t<div class=\"elementor-element elementor-element-dc4d779 elementor-widget elementor-widget-text-editor\" data-id=\"dc4d779\" data-element_type=\"widget\" data-e-type=\"widget\" data-widget_type=\"text-editor.default\">\n\t\t\t\t<div class=\"elementor-widget-container\">\n\t\t\t\t\t\t\t\t\t<p><strong>Fully customizable biometric verification sessions, tailored to your needs:<\/strong>&nbsp;<\/p>\n<p>\u27a2 Specific videos and facial gestures.&nbsp;<\/p>\n<p>\u27a2 Specific proofs.&nbsp;<\/p>\n<p>\u27a2 Specific operator responses.<\/p>\n<p><strong>Powered by a comprehensive and ever-expanding biometric database, fully GDPR-compliant:<\/strong>&nbsp;<\/p>\n<p>\u27a2 Several thousand legitimate videos from volunteers worldwide.<\/p>\n<p>\u27a2 Several thousand videos illustrating biometric attacks, ranging from low to high level, both physical and digital.<\/p>\n<p><strong>Enhance your operators' skills and stay ahead with advanced intelligence:<\/strong>&nbsp;<\/p>\n<p>\u27a2 Assess your future operators and identify talent as early as the interview stage.&nbsp;<\/p>\n<p>\u27a2 Train and enhance your operators\u2019 skills in detecting biometric attacks.&nbsp;<\/p>\n<p>\u27a2 Subscribe to CLR Labs\u2019 threat intelligence updates to stay at the cutting edge of the latest developments.<\/p>\t\t\t\t\t\t\t\t<\/div>\n\t\t\t\t<\/div>\n\t\t\t\t\t<\/div>\n\t\t\t\t<\/div>\n\t\t\t\t<\/div>","protected":false},"excerpt":{"rendered":"<p>FaceTrust\u00a9 \u2013 La plateforme d\u2019\u00e9valuation de la d\u00e9tection de fraude biom\u00e9trique par des op\u00e9rateurs humains Sessions de v\u00e9rification biom\u00e9trique enti\u00e8rement personnalisables, adapt\u00e9es \u00e0 vos besoins&nbsp;:&nbsp; \u27a2 Vid\u00e9os et gestes faciaux sp\u00e9cifiques.&nbsp; \u27a2 Preuves sp\u00e9cifiques.&nbsp; \u27a2 R\u00e9ponses sp\u00e9cifiques des op\u00e9rateurs. Propuls\u00e9es par une base de donn\u00e9es biom\u00e9triques exhaustive, conforme au RGPD et en constante expansion&nbsp;:&nbsp; \u27a2&hellip; <br \/> <a class=\"read-more\" href=\"https:\/\/cabinet-louis-reynaud.eu\/en\/facetrust\/\">Read more<\/a><\/p>","protected":false},"author":1,"featured_media":0,"parent":0,"menu_order":0,"comment_status":"closed","ping_status":"closed","template":"","meta":{"footnotes":""},"class_list":["post-1369","page","type-page","status-publish","hentry"],"_links":{"self":[{"href":"https:\/\/cabinet-louis-reynaud.eu\/en\/wp-json\/wp\/v2\/pages\/1369","targetHints":{"allow":["GET"]}}],"collection":[{"href":"https:\/\/cabinet-louis-reynaud.eu\/en\/wp-json\/wp\/v2\/pages"}],"about":[{"href":"https:\/\/cabinet-louis-reynaud.eu\/en\/wp-json\/wp\/v2\/types\/page"}],"author":[{"embeddable":true,"href":"https:\/\/cabinet-louis-reynaud.eu\/en\/wp-json\/wp\/v2\/users\/1"}],"replies":[{"embeddable":true,"href":"https:\/\/cabinet-louis-reynaud.eu\/en\/wp-json\/wp\/v2\/comments?post=1369"}],"version-history":[{"count":8,"href":"https:\/\/cabinet-louis-reynaud.eu\/en\/wp-json\/wp\/v2\/pages\/1369\/revisions"}],"predecessor-version":[{"id":1456,"href":"https:\/\/cabinet-louis-reynaud.eu\/en\/wp-json\/wp\/v2\/pages\/1369\/revisions\/1456"}],"wp:attachment":[{"href":"https:\/\/cabinet-louis-reynaud.eu\/en\/wp-json\/wp\/v2\/media?parent=1369"}],"curies":[{"name":"wp","href":"https:\/\/api.w.org\/{rel}","templated":true}]}}