{"id":1368,"date":"2025-07-24T14:07:27","date_gmt":"2025-07-24T14:07:27","guid":{"rendered":"https:\/\/cabinet-louis-reynaud.eu\/?page_id=1368"},"modified":"2025-07-28T08:48:21","modified_gmt":"2025-07-28T08:48:21","slug":"mobile-driving-license-2","status":"publish","type":"page","link":"https:\/\/cabinet-louis-reynaud.eu\/en\/mobile-driving-license-2\/","title":{"rendered":"Mobile Driving License"},"content":{"rendered":"<div data-elementor-type=\"wp-page\" data-elementor-id=\"1368\" class=\"elementor elementor-1368\">\n\t\t\t\t<div class=\"elementor-element elementor-element-3e3bfa0 e-flex e-con-boxed e-con e-parent\" data-id=\"3e3bfa0\" data-element_type=\"container\" data-e-type=\"container\">\n\t\t\t\t\t<div class=\"e-con-inner\">\n\t\t\t\t<div class=\"elementor-element elementor-element-cde6fe4 elementor-widget elementor-widget-heading\" data-id=\"cde6fe4\" data-element_type=\"widget\" data-e-type=\"widget\" data-widget_type=\"heading.default\">\n\t\t\t\t<div class=\"elementor-widget-container\">\n\t\t\t\t\t<h2 class=\"elementor-heading-title elementor-size-default\">ISO\/IEC 18013-5 - Mobile driving licence (mDL)\n<\/h2>\t\t\t\t<\/div>\n\t\t\t\t<\/div>\n\t\t\t\t\t<\/div>\n\t\t\t\t<\/div>\n\t\t<div class=\"elementor-element elementor-element-5e9b535 e-flex e-con-boxed e-con e-parent\" data-id=\"5e9b535\" data-element_type=\"container\" data-e-type=\"container\">\n\t\t\t\t\t<div class=\"e-con-inner\">\n\t\t\t\t<div class=\"elementor-element elementor-element-6ed795f elementor-widget elementor-widget-text-editor\" data-id=\"6ed795f\" data-element_type=\"widget\" data-e-type=\"widget\" data-widget_type=\"text-editor.default\">\n\t\t\t\t<div class=\"elementor-widget-container\">\n\t\t\t\t\t\t\t\t\t<p><strong>Key Features:<\/strong>&nbsp;<\/p>\n<p>\u27a2 Field-by-field compliance checks.<\/p>\n<p>\u27a2 Supports thousands of tests.<\/p>\n<p>\u27a2 Tests both mDLs and mDL readers.<\/p>\t\t\t\t\t\t\t\t<\/div>\n\t\t\t\t<\/div>\n\t\t\t\t\t<\/div>\n\t\t\t\t<\/div>\n\t\t\t\t<\/div>","protected":false},"excerpt":{"rendered":"<p>ISO\/IEC 18013-5 &#8211; Mobile driving licence (mDL) Fonctionalit\u00e9s cl\u00e9s:&nbsp; \u27a2 V\u00e9rifications d\u00e9taill\u00e9es de conformit\u00e9 champ par champ. \u27a2 Prend en charge des milliers de tests. \u27a2 Test aussi bien des mDL que des lecteurs de mDL.<\/p>","protected":false},"author":1,"featured_media":0,"parent":0,"menu_order":0,"comment_status":"closed","ping_status":"closed","template":"","meta":{"footnotes":""},"class_list":["post-1368","page","type-page","status-publish","hentry"],"_links":{"self":[{"href":"https:\/\/cabinet-louis-reynaud.eu\/en\/wp-json\/wp\/v2\/pages\/1368","targetHints":{"allow":["GET"]}}],"collection":[{"href":"https:\/\/cabinet-louis-reynaud.eu\/en\/wp-json\/wp\/v2\/pages"}],"about":[{"href":"https:\/\/cabinet-louis-reynaud.eu\/en\/wp-json\/wp\/v2\/types\/page"}],"author":[{"embeddable":true,"href":"https:\/\/cabinet-louis-reynaud.eu\/en\/wp-json\/wp\/v2\/users\/1"}],"replies":[{"embeddable":true,"href":"https:\/\/cabinet-louis-reynaud.eu\/en\/wp-json\/wp\/v2\/comments?post=1368"}],"version-history":[{"count":10,"href":"https:\/\/cabinet-louis-reynaud.eu\/en\/wp-json\/wp\/v2\/pages\/1368\/revisions"}],"predecessor-version":[{"id":1465,"href":"https:\/\/cabinet-louis-reynaud.eu\/en\/wp-json\/wp\/v2\/pages\/1368\/revisions\/1465"}],"wp:attachment":[{"href":"https:\/\/cabinet-louis-reynaud.eu\/en\/wp-json\/wp\/v2\/media?parent=1368"}],"curies":[{"name":"wp","href":"https:\/\/api.w.org\/{rel}","templated":true}]}}