{"id":1351,"date":"2025-07-24T07:50:40","date_gmt":"2025-07-24T07:50:40","guid":{"rendered":"https:\/\/cabinet-louis-reynaud.eu\/?page_id=1351"},"modified":"2025-07-28T08:48:11","modified_gmt":"2025-07-28T08:48:11","slug":"outil-de-test-biometrique","status":"publish","type":"page","link":"https:\/\/cabinet-louis-reynaud.eu\/en\/outil-de-test-biometrique\/","title":{"rendered":"Biometric testing tool"},"content":{"rendered":"<div data-elementor-type=\"wp-page\" data-elementor-id=\"1351\" class=\"elementor elementor-1351\">\n\t\t\t\t<div class=\"elementor-element elementor-element-0d2be46 e-flex e-con-boxed e-con e-parent\" data-id=\"0d2be46\" data-element_type=\"container\" data-e-type=\"container\">\n\t\t\t\t\t<div class=\"e-con-inner\">\n\t\t\t\t<div class=\"elementor-element elementor-element-29a4fb7 elementor-widget elementor-widget-heading\" data-id=\"29a4fb7\" data-element_type=\"widget\" data-e-type=\"widget\" data-widget_type=\"heading.default\">\n\t\t\t\t<div class=\"elementor-widget-container\">\n\t\t\t\t\t<h2 class=\"elementor-heading-title elementor-size-default\">Biometric Testing Tool Data interchange formats - Signature\/sign time series data ISO\/IEC 19794-7<\/h2>\t\t\t\t<\/div>\n\t\t\t\t<\/div>\n\t\t\t\t\t<\/div>\n\t\t\t\t<\/div>\n\t\t<div class=\"elementor-element elementor-element-24d7ba0 e-flex e-con-boxed e-con e-parent\" data-id=\"24d7ba0\" data-element_type=\"container\" data-e-type=\"container\">\n\t\t\t\t\t<div class=\"e-con-inner\">\n\t\t\t\t<div class=\"elementor-element elementor-element-bd57496 elementor-widget elementor-widget-heading\" data-id=\"bd57496\" data-element_type=\"widget\" data-e-type=\"widget\" data-widget_type=\"heading.default\">\n\t\t\t\t<div class=\"elementor-widget-container\">\n\t\t\t\t\t<h3 class=\"elementor-heading-title elementor-size-default\">Test the compliance of your handwritten electronic signature product against the ISO\/IEC 19794-7 standard\n\n<\/h3>\t\t\t\t<\/div>\n\t\t\t\t<\/div>\n\t\t\t\t\t<\/div>\n\t\t\t\t<\/div>\n\t\t<div class=\"elementor-element elementor-element-cedacca e-flex e-con-boxed e-con e-parent\" data-id=\"cedacca\" data-element_type=\"container\" data-e-type=\"container\">\n\t\t\t\t\t<div class=\"e-con-inner\">\n\t\t\t\t<div class=\"elementor-element elementor-element-1591d6c elementor-widget elementor-widget-text-editor\" data-id=\"1591d6c\" data-element_type=\"widget\" data-e-type=\"widget\" data-widget_type=\"text-editor.default\">\n\t\t\t\t<div class=\"elementor-widget-container\">\n\t\t\t\t\t\t\t\t\t<h4><span style=\"text-decoration: underline;\"><strong>Key features<\/strong><\/span><\/h4>\n<p>\u27a2 Visualize your handwritten electronic signature data to ensure the conformance to the structure from ISO\/IEC 19794-7 standard.<\/p>\n<p>4 supported formats :<\/p>\n<ul>\n<li>Full format;<\/li>\n<li>Compression Format;<\/li>\n<li>Compact Format;<\/li>\n<li>XML;<\/li>\n<\/ul>\n<p>\u27a2 600+ tests supported by CLR Labs\u2019 Biometric Conformance Testing Tool.<\/p>\n<p>\u27a2 Compatible with ISO\/IEC 19794-7: editions 2007 &amp; 2021.<\/p>\t\t\t\t\t\t\t\t<\/div>\n\t\t\t\t<\/div>\n\t\t\t\t\t<\/div>\n\t\t\t\t<\/div>\n\t\t\t\t<\/div>","protected":false},"excerpt":{"rendered":"<p>Outil de test biom\u00e9trique formats d\u2019\u00e9change de donn\u00e9es \u2013 Donn\u00e9es de signature \/ s\u00e9rie temporelle de la signature ISO\/IEC 19794-7 Testez la conformit\u00e9 de votre produit de signature \u00e9lectronique manuscrite avec la norme ISO\/IEC 19794-7 Principales fonctionnalit\u00e9s : \u27a2 Visualisez vos donn\u00e9es de signature \u00e9lectronique manuscrite pour garantir leur conformit\u00e9 \u00e0 la structure d\u00e9finie par&hellip; <br \/> <a class=\"read-more\" href=\"https:\/\/cabinet-louis-reynaud.eu\/en\/outil-de-test-biometrique\/\">Read more<\/a><\/p>","protected":false},"author":1,"featured_media":0,"parent":0,"menu_order":0,"comment_status":"closed","ping_status":"closed","template":"","meta":{"footnotes":""},"class_list":["post-1351","page","type-page","status-publish","hentry"],"_links":{"self":[{"href":"https:\/\/cabinet-louis-reynaud.eu\/en\/wp-json\/wp\/v2\/pages\/1351","targetHints":{"allow":["GET"]}}],"collection":[{"href":"https:\/\/cabinet-louis-reynaud.eu\/en\/wp-json\/wp\/v2\/pages"}],"about":[{"href":"https:\/\/cabinet-louis-reynaud.eu\/en\/wp-json\/wp\/v2\/types\/page"}],"author":[{"embeddable":true,"href":"https:\/\/cabinet-louis-reynaud.eu\/en\/wp-json\/wp\/v2\/users\/1"}],"replies":[{"embeddable":true,"href":"https:\/\/cabinet-louis-reynaud.eu\/en\/wp-json\/wp\/v2\/comments?post=1351"}],"version-history":[{"count":10,"href":"https:\/\/cabinet-louis-reynaud.eu\/en\/wp-json\/wp\/v2\/pages\/1351\/revisions"}],"predecessor-version":[{"id":1462,"href":"https:\/\/cabinet-louis-reynaud.eu\/en\/wp-json\/wp\/v2\/pages\/1351\/revisions\/1462"}],"wp:attachment":[{"href":"https:\/\/cabinet-louis-reynaud.eu\/en\/wp-json\/wp\/v2\/media?parent=1351"}],"curies":[{"name":"wp","href":"https:\/\/api.w.org\/{rel}","templated":true}]}}