{"id":1346,"date":"2025-07-24T07:37:28","date_gmt":"2025-07-24T07:37:28","guid":{"rendered":"https:\/\/cabinet-louis-reynaud.eu\/?page_id=1346"},"modified":"2025-07-28T08:52:43","modified_gmt":"2025-07-28T08:52:43","slug":"sscp-testing-tool","status":"publish","type":"page","link":"https:\/\/cabinet-louis-reynaud.eu\/en\/sscp-testing-tool\/","title":{"rendered":"SSCP Testing Tool"},"content":{"rendered":"<div data-elementor-type=\"wp-page\" data-elementor-id=\"1346\" class=\"elementor elementor-1346\">\n\t\t\t\t<div class=\"elementor-element elementor-element-5ded0db e-flex e-con-boxed e-con e-parent\" data-id=\"5ded0db\" data-element_type=\"container\" data-e-type=\"container\">\n\t\t\t\t\t<div class=\"e-con-inner\">\n\t\t\t\t<div class=\"elementor-element elementor-element-9599c88 elementor-widget elementor-widget-heading\" data-id=\"9599c88\" data-element_type=\"widget\" data-e-type=\"widget\" data-widget_type=\"heading.default\">\n\t\t\t\t<div class=\"elementor-widget-container\">\n\t\t\t\t\t<h2 class=\"elementor-heading-title elementor-size-default translation-block\">Conformance Test Tool Smart and Secure Communication Protocol\u00ae (SSCP\u00ae)<\/h2>\t\t\t\t<\/div>\n\t\t\t\t<\/div>\n\t\t\t\t\t<\/div>\n\t\t\t\t<\/div>\n\t\t<div class=\"elementor-element elementor-element-5cc361e e-flex e-con-boxed e-con e-parent\" data-id=\"5cc361e\" data-element_type=\"container\" data-e-type=\"container\">\n\t\t\t\t\t<div class=\"e-con-inner\">\n\t\t\t\t<div class=\"elementor-element elementor-element-6dab3d8 elementor-widget elementor-widget-heading\" data-id=\"6dab3d8\" data-element_type=\"widget\" data-e-type=\"widget\" data-widget_type=\"heading.default\">\n\t\t\t\t<div class=\"elementor-widget-container\">\n\t\t\t\t\t<h3 class=\"elementor-heading-title elementor-size-default\">A comprehensive test suite for the implementation and certification of physical access control devices according to European security standards<\/h3>\t\t\t\t<\/div>\n\t\t\t\t<\/div>\n\t\t\t\t<div class=\"elementor-element elementor-element-78ca969 elementor-widget elementor-widget-text-editor\" data-id=\"78ca969\" data-element_type=\"widget\" data-e-type=\"widget\" data-widget_type=\"text-editor.default\">\n\t\t\t\t<div class=\"elementor-widget-container\">\n\t\t\t\t\t\t\t\t\t<h4><span style=\"text-decoration: underline;\"><strong>Key features<\/strong><\/span><\/h4><p>\u27a2 The Smart and Secure Communication Protocol\u00ae (SSCP\u00ae) from SPAC\u00ae is the first open European standard for securing communication between readers (inspection devices) and the management system (hub).<\/p><p>\u27a2 Advanced monitoring functions for device debugging:<\/p><ul><li>Cryptographic toolkit: For implementing security functions.<\/li><li>Virtual device mode: Enables real-time communication with a device under implementation.<\/li><li>Spy mode: Enables real-time analysis of the communication between two devices.<\/li><\/ul><p>\u27a2 Comprehensive security and compliance testing through unit and scenario-based tests:<\/p><ul><li>Field-by-field compliance checks.<\/li><li>Definition of three levels of compliance and security testing.<\/li><li>Definition of more than 15 application modules for automated scenario testing.<\/li><li>Automatic generation of test reports.<\/li><\/ul>\t\t\t\t\t\t\t\t<\/div>\n\t\t\t\t<\/div>\n\t\t\t\t\t<\/div>\n\t\t\t\t<\/div>\n\t\t\t\t<\/div>","protected":false},"excerpt":{"rendered":"<p>Outil de test de conformit\u00e9Smart and Secure Communication Protocol\u00ae (SSCP\u00ae) Une suite compl\u00e8te de tests pour l\u2019impl\u00e9mentation et la certification des dispositifs de contr\u00f4le d\u2019acc\u00e8s physique selon les normes de s\u00e9curit\u00e9 europ\u00e9ennes Principales fonctionnalit\u00e9s : \u27a2 Le Smart and Secure Communication Protocol\u00ae (SSCP\u00ae) de SPAC\u00ae est le premier standard europ\u00e9en ouvert pour s\u00e9curiser la communication&hellip; <br \/> <a class=\"read-more\" href=\"https:\/\/cabinet-louis-reynaud.eu\/en\/sscp-testing-tool\/\">Read more<\/a><\/p>","protected":false},"author":1,"featured_media":0,"parent":0,"menu_order":0,"comment_status":"closed","ping_status":"closed","template":"","meta":{"footnotes":""},"class_list":["post-1346","page","type-page","status-publish","hentry"],"_links":{"self":[{"href":"https:\/\/cabinet-louis-reynaud.eu\/en\/wp-json\/wp\/v2\/pages\/1346","targetHints":{"allow":["GET"]}}],"collection":[{"href":"https:\/\/cabinet-louis-reynaud.eu\/en\/wp-json\/wp\/v2\/pages"}],"about":[{"href":"https:\/\/cabinet-louis-reynaud.eu\/en\/wp-json\/wp\/v2\/types\/page"}],"author":[{"embeddable":true,"href":"https:\/\/cabinet-louis-reynaud.eu\/en\/wp-json\/wp\/v2\/users\/1"}],"replies":[{"embeddable":true,"href":"https:\/\/cabinet-louis-reynaud.eu\/en\/wp-json\/wp\/v2\/comments?post=1346"}],"version-history":[{"count":16,"href":"https:\/\/cabinet-louis-reynaud.eu\/en\/wp-json\/wp\/v2\/pages\/1346\/revisions"}],"predecessor-version":[{"id":1474,"href":"https:\/\/cabinet-louis-reynaud.eu\/en\/wp-json\/wp\/v2\/pages\/1346\/revisions\/1474"}],"wp:attachment":[{"href":"https:\/\/cabinet-louis-reynaud.eu\/en\/wp-json\/wp\/v2\/media?parent=1346"}],"curies":[{"name":"wp","href":"https:\/\/api.w.org\/{rel}","templated":true}]}}