{"id":1335,"date":"2025-07-23T15:20:26","date_gmt":"2025-07-23T15:20:26","guid":{"rendered":"https:\/\/cabinet-louis-reynaud.eu\/?page_id=1335"},"modified":"2025-07-28T07:50:12","modified_gmt":"2025-07-28T07:50:12","slug":"notre-vision-2","status":"publish","type":"page","link":"https:\/\/cabinet-louis-reynaud.eu\/en\/notre-vision-2\/","title":{"rendered":"Our Vision"},"content":{"rendered":"<div data-elementor-type=\"wp-page\" data-elementor-id=\"1335\" class=\"elementor elementor-1335\">\n\t\t\t\t<div class=\"elementor-element elementor-element-968607b e-flex e-con-boxed e-con e-parent\" data-id=\"968607b\" data-element_type=\"container\" data-e-type=\"container\">\n\t\t\t\t\t<div class=\"e-con-inner\">\n\t\t\t\t<div class=\"elementor-element elementor-element-0618716 elementor-widget elementor-widget-heading\" data-id=\"0618716\" data-element_type=\"widget\" data-e-type=\"widget\" data-widget_type=\"heading.default\">\n\t\t\t\t<div class=\"elementor-widget-container\">\n\t\t\t\t\t<h2 class=\"elementor-heading-title elementor-size-default\">Our Vision<\/h2>\t\t\t\t<\/div>\n\t\t\t\t<\/div>\n\t\t\t\t<div class=\"elementor-element elementor-element-d67e8a8 elementor-widget elementor-widget-text-editor\" data-id=\"d67e8a8\" data-element_type=\"widget\" data-e-type=\"widget\" data-widget_type=\"text-editor.default\">\n\t\t\t\t<div class=\"elementor-widget-container\">\n\t\t\t\t\t\t\t\t\t<h5>&nbsp;<\/h5>\n<h5 style=\"margin-top: 1.5rem;\"><span style=\"text-decoration-line: underline;\"><strong>Our values<\/strong><\/span><\/h5>\n<p>Our firm is strongly committed to respecting fundamental European values and the principle of\nthe sovereignty of Member States. Our independence enables us to choose assignments that are\nin line with these values.<\/p>\n<p>We believe that strengthening European industries requires the creation of a single digital market, the use of European standards and their referencing in the European acquis.<\/p>\n<p>We guarantee medium- and long-term support for companies, associations, local authorities, central government and European institutions.<\/p>\n<p><strong>Our motto: Thinking is important, acting is decisive!<\/strong><\/p>\n<h5><span style=\"text-decoration: underline;\"><strong>Our value proposition :<\/strong><\/span><\/h5>\n<p><strong>We can help you with :<\/strong><\/p>\n<ul>\n<li>Share our experts' technical experience with you;<\/li>\n<li>Audit, evaluate and certify your trusted products and services;<\/li>\n<li>Test the compliance and performance of your products and services with the relevant\nEuropean and International standards;<\/li>\n<li>Providing your R&amp;D teams with high-performance test tools for qualification during the\ndevelopment phase.<\/li>\n<\/ul>\n<p><strong>To do this, we offer you:<\/strong><\/p>\n<ul>\n<li>Understand the changes that need to be made to products, services and solutions in order\nto comply with European standards and regulations;<\/li>\n<li>Master the new technologies of digital security, digital identities, biometrics, mobile\napplication security, data protection and cyber security;<\/li>\n<li>We have unrivalled experience in testing, auditing, evaluating and certifying your digital\nidentities and biometric products and services.<\/li>\n<\/ul>\t\t\t\t\t\t\t\t<\/div>\n\t\t\t\t<\/div>\n\t\t\t\t\t<\/div>\n\t\t\t\t<\/div>\n\t\t\t\t<\/div>","protected":false},"excerpt":{"rendered":"<p>Notre vision &nbsp; Nos valeurs&nbsp;: Notre cabinet est tr\u00e8s attach\u00e9 au respect des valeurs fondamentales europ\u00e9ennes et au principe de souverainet\u00e9 des Etats Membres. Son ind\u00e9pendance lui permet de choisir les missions en ad\u00e9quation avec ces valeurs. Nous pensons que le renforcement des industries europ\u00e9ennes passe par la cr\u00e9ation d\u2019un march\u00e9 num\u00e9rique unique, par l\u2019utilisation&hellip; <br \/> <a class=\"read-more\" href=\"https:\/\/cabinet-louis-reynaud.eu\/en\/notre-vision-2\/\">Read more<\/a><\/p>","protected":false},"author":1,"featured_media":0,"parent":0,"menu_order":0,"comment_status":"closed","ping_status":"closed","template":"","meta":{"footnotes":""},"class_list":["post-1335","page","type-page","status-publish","hentry"],"_links":{"self":[{"href":"https:\/\/cabinet-louis-reynaud.eu\/en\/wp-json\/wp\/v2\/pages\/1335","targetHints":{"allow":["GET"]}}],"collection":[{"href":"https:\/\/cabinet-louis-reynaud.eu\/en\/wp-json\/wp\/v2\/pages"}],"about":[{"href":"https:\/\/cabinet-louis-reynaud.eu\/en\/wp-json\/wp\/v2\/types\/page"}],"author":[{"embeddable":true,"href":"https:\/\/cabinet-louis-reynaud.eu\/en\/wp-json\/wp\/v2\/users\/1"}],"replies":[{"embeddable":true,"href":"https:\/\/cabinet-louis-reynaud.eu\/en\/wp-json\/wp\/v2\/comments?post=1335"}],"version-history":[{"count":28,"href":"https:\/\/cabinet-louis-reynaud.eu\/en\/wp-json\/wp\/v2\/pages\/1335\/revisions"}],"predecessor-version":[{"id":1435,"href":"https:\/\/cabinet-louis-reynaud.eu\/en\/wp-json\/wp\/v2\/pages\/1335\/revisions\/1435"}],"wp:attachment":[{"href":"https:\/\/cabinet-louis-reynaud.eu\/en\/wp-json\/wp\/v2\/media?parent=1335"}],"curies":[{"name":"wp","href":"https:\/\/api.w.org\/{rel}","templated":true}]}}