{"id":1262,"date":"2025-07-22T15:19:46","date_gmt":"2025-07-22T15:19:46","guid":{"rendered":"https:\/\/cabinet-louis-reynaud.eu\/?page_id=1262"},"modified":"2025-07-31T13:12:54","modified_gmt":"2025-07-31T13:12:54","slug":"conseils-techniques","status":"publish","type":"page","link":"https:\/\/cabinet-louis-reynaud.eu\/en\/conseils-techniques\/","title":{"rendered":"Technical consultancy"},"content":{"rendered":"<div data-elementor-type=\"wp-page\" data-elementor-id=\"1262\" class=\"elementor elementor-1262\">\n\t\t\t\t<div class=\"elementor-element elementor-element-d280491 e-flex e-con-boxed e-con e-parent\" data-id=\"d280491\" data-element_type=\"container\" data-e-type=\"container\">\n\t\t\t\t\t<div class=\"e-con-inner\">\n\t\t\t\t<div class=\"elementor-element elementor-element-f3a3db4 elementor-widget elementor-widget-heading\" data-id=\"f3a3db4\" data-element_type=\"widget\" data-e-type=\"widget\" data-widget_type=\"heading.default\">\n\t\t\t\t<div class=\"elementor-widget-container\">\n\t\t\t\t\t<h2 class=\"elementor-heading-title elementor-size-default\">Our technical consultancy activities :\n<\/h2>\t\t\t\t<\/div>\n\t\t\t\t<\/div>\n\t\t\t\t<div class=\"elementor-element elementor-element-0ce2f05 elementor-widget elementor-widget-text-editor\" data-id=\"0ce2f05\" data-element_type=\"widget\" data-e-type=\"widget\" data-widget_type=\"text-editor.default\">\n\t\t\t\t<div class=\"elementor-widget-container\">\n\t\t\t\t\t\t\t\t\t<h4><b>Our technical consultancy activities focus on three complementary areas:<\/b><\/h4><p><span style=\"font-weight: normal;\">1) Technical expertise in the field of new digital trust technologies:<\/span><\/p><ul><li><span style=\"font-weight: normal;\">Digital identities, biometrics, mobile applications, cyber security, cryptography;<\/span><\/li><li><span style=\"font-weight: normal;\">Certification schemes (security and functional);<br \/><\/span><\/li><li><span style=\"font-weight: normal;\">Security of distributed systems (Blockchain);<br \/><\/span><\/li><li><span style=\"font-weight: normal;\">Data protection;<br \/><\/span><\/li><li><span style=\"font-weight: normal;\">Intelligent transport;<br \/><\/span><\/li><li><span style=\"font-weight: normal;\">Smart borders;<br \/><\/span><\/li><li><span style=\"font-weight: normal;\">Telecommunications and telecom packages;<\/span><\/li><li><span style=\"font-weight: normal;\">Digital Single Market;<\/span><\/li><\/ul><p><span style=\"font-weight: normal;\">Monitoring of standards and regulations in the fields of :<\/span><\/p><ul><li><span style=\"font-weight: normal;\">State of the art;<\/span><\/li><li><span style=\"font-weight: normal;\">Contribution to the creation of international or European norms and standards;<\/span><\/li><li><span style=\"font-weight: normal;\">Impact analysis on business plans;<br \/><\/span><\/li><li><span style=\"font-weight: normal;\">Support in drawing up specifications for products and services;<br \/><\/span><\/li><li><span style=\"font-weight: normal;\">Secure integration into new technologies such as Big Data, Blockchain, Cloud computing, Artificial Intelligence and biometrics;<\/span><\/li><\/ul><p><span style=\"font-weight: normal;\">3) Functional or Security certification :<\/span><\/p><ul><li><span style=\"font-weight: normal;\">Management of security certifications such as C.S.P.N (ANSSI first-level certification) on\nbehalf of developers;<br \/><\/span><\/li><li><span style=\"font-weight: normal;\">Ecriture de Profils de Protection et cibles de s\u00e9curit\u00e9 selon la norme Crit\u00e8res Communs\u00a0 \u00b2(ISO\/IEC 15408);<\/span><\/li><li><span style=\"font-weight: normal;\">Establishment of private functional and\/or security certification schemes (e.g. as part of\nthe Cybersecurity Act regulations);<\/span><\/li><li><span style=\"font-weight: normal;\">Writing test plans and evaluation methodologies;<\/span><\/li><\/ul><p>\u00a0<\/p><p><span style=\"font-weight: normal;\">\u00a0<\/span><\/p>\t\t\t\t\t\t\t\t<\/div>\n\t\t\t\t<\/div>\n\t\t\t\t\t<\/div>\n\t\t\t\t<\/div>\n\t\t\t\t<\/div>","protected":false},"excerpt":{"rendered":"<p>Nos Activit\u00e9s de conseil technique : Nos activit\u00e9s de conseil technique s\u2019articulent autour de trois axes compl\u00e9mentaires\u00a0qui sont\u00a0: 1) Expertise technique dans le domaine des nouvelles technologies de la confiance num\u00e9rique : Identit\u00e9s num\u00e9riques, biom\u00e9tries, application mobile, cyber s\u00e9curit\u00e9, cryptographie; Sch\u00e9mas de certification (s\u00e9curitaires et fonctionnels); S\u00e9curit\u00e9 des syst\u00e8mes distribu\u00e9s (Blockchain); Protection des donn\u00e9es; Transports&hellip; <br \/> <a class=\"read-more\" href=\"https:\/\/cabinet-louis-reynaud.eu\/en\/conseils-techniques\/\">Read more<\/a><\/p>","protected":false},"author":1,"featured_media":0,"parent":0,"menu_order":0,"comment_status":"closed","ping_status":"closed","template":"","meta":{"footnotes":""},"class_list":["post-1262","page","type-page","status-publish","hentry"],"_links":{"self":[{"href":"https:\/\/cabinet-louis-reynaud.eu\/en\/wp-json\/wp\/v2\/pages\/1262","targetHints":{"allow":["GET"]}}],"collection":[{"href":"https:\/\/cabinet-louis-reynaud.eu\/en\/wp-json\/wp\/v2\/pages"}],"about":[{"href":"https:\/\/cabinet-louis-reynaud.eu\/en\/wp-json\/wp\/v2\/types\/page"}],"author":[{"embeddable":true,"href":"https:\/\/cabinet-louis-reynaud.eu\/en\/wp-json\/wp\/v2\/users\/1"}],"replies":[{"embeddable":true,"href":"https:\/\/cabinet-louis-reynaud.eu\/en\/wp-json\/wp\/v2\/comments?post=1262"}],"version-history":[{"count":31,"href":"https:\/\/cabinet-louis-reynaud.eu\/en\/wp-json\/wp\/v2\/pages\/1262\/revisions"}],"predecessor-version":[{"id":1493,"href":"https:\/\/cabinet-louis-reynaud.eu\/en\/wp-json\/wp\/v2\/pages\/1262\/revisions\/1493"}],"wp:attachment":[{"href":"https:\/\/cabinet-louis-reynaud.eu\/en\/wp-json\/wp\/v2\/media?parent=1262"}],"curies":[{"name":"wp","href":"https:\/\/api.w.org\/{rel}","templated":true}]}}