{"id":1170,"date":"2025-02-05T12:48:52","date_gmt":"2025-02-05T12:48:52","guid":{"rendered":"https:\/\/cabinet-louis-reynaud.eu\/?page_id=1170"},"modified":"2025-07-23T13:26:19","modified_gmt":"2025-07-23T13:26:19","slug":"biometrie-pad-iso-iec-30107","status":"publish","type":"page","link":"https:\/\/cabinet-louis-reynaud.eu\/en\/biometrie-pad-iso-iec-30107\/","title":{"rendered":"Biometric (PAD) \u2013 ISO\/IEC 30107"},"content":{"rendered":"<div data-elementor-type=\"wp-page\" data-elementor-id=\"1170\" class=\"elementor elementor-1170\">\n\t\t\t\t<div class=\"elementor-element elementor-element-fdb53ea e-flex e-con-boxed e-con e-parent\" data-id=\"fdb53ea\" data-element_type=\"container\" data-e-type=\"container\">\n\t\t\t\t\t<div class=\"e-con-inner\">\n\t\t\t\t<div class=\"elementor-element elementor-element-9fe35d3 elementor-widget elementor-widget-text-editor\" data-id=\"9fe35d3\" data-element_type=\"widget\" data-e-type=\"widget\" data-widget_type=\"text-editor.default\">\n\t\t\t\t<div class=\"elementor-widget-container\">\n\t\t\t\t\t\t\t\t\t<h3 class=\" translation-block\"><strong>Objective of the compliance assessment<\/strong><\/h3>\t\t\t\t\t\t\t\t<\/div>\n\t\t\t\t<\/div>\n\t\t\t\t\t<\/div>\n\t\t\t\t<\/div>\n\t\t<div class=\"elementor-element elementor-element-25423fd e-flex e-con-boxed e-con e-parent\" data-id=\"25423fd\" data-element_type=\"container\" data-e-type=\"container\">\n\t\t\t\t\t<div class=\"e-con-inner\">\n\t\t\t\t<div class=\"elementor-element elementor-element-51aa55e elementor-widget elementor-widget-text-editor\" data-id=\"51aa55e\" data-element_type=\"widget\" data-e-type=\"widget\" data-widget_type=\"text-editor.default\">\n\t\t\t\t<div class=\"elementor-widget-container\">\n\t\t\t\t\t\t\t\t\t<h4>The conformity assessment of the level of your liveness detection system based on biometric technologies allows you to certify the detection level of your system using the evaluation methodology based on the ISO\/IEC 30107-3 standard, or ISO\/IEC 30107-4 for the mobile part.<\/h4>\t\t\t\t\t\t\t\t<\/div>\n\t\t\t\t<\/div>\n\t\t\t\t\t<\/div>\n\t\t\t\t<\/div>\n\t\t<div class=\"elementor-element elementor-element-e560f2a e-flex e-con-boxed e-con e-parent\" data-id=\"e560f2a\" data-element_type=\"container\" data-e-type=\"container\">\n\t\t\t\t\t<div class=\"e-con-inner\">\n\t\t\t\t<div class=\"elementor-element elementor-element-abed505 elementor-widget elementor-widget-text-editor\" data-id=\"abed505\" data-element_type=\"widget\" data-e-type=\"widget\" data-widget_type=\"text-editor.default\">\n\t\t\t\t<div class=\"elementor-widget-container\">\n\t\t\t\t\t\t\t\t\t<h4><strong><b>C<\/b>ompliance assessment:<\/strong><strong>: <\/strong>Biometric Presentation Attack Detection (PAD)  \u2013 ISO\/IEC 30107<\/h4><h4><strong>Frameworks:<\/strong><\/h4>\t\t\t\t\t\t\t\t<\/div>\n\t\t\t\t<\/div>\n\t\t\t\t\t<\/div>\n\t\t\t\t<\/div>\n\t\t<div class=\"elementor-element elementor-element-e0c2275 e-flex e-con-boxed e-con e-parent\" data-id=\"e0c2275\" data-element_type=\"container\" data-e-type=\"container\">\n\t\t\t\t\t<div class=\"e-con-inner\">\n\t\t\t\t<div class=\"elementor-element elementor-element-67c7cc3 elementor-widget elementor-widget-htmega-datatable-addons\" data-id=\"67c7cc3\" data-element_type=\"widget\" data-e-type=\"widget\" data-widget_type=\"htmega-datatable-addons.default\">\n\t\t\t\t<div class=\"elementor-widget-container\">\n\t\t\t\t\t        <div class=\"htmega-table-style htmega-table-style-1 htb-table-responsive\">\n            <table class=\"htb-table\">\n                                <tbody>\n                                            <tr>\n                            <td class=\"elementor-repeater-item-f6144c9\" >Test Plan<\/td><td class=\"elementor-repeater-item-1bd3910\" >CLR.PRO.020.PTVCLR<\/td>                        <\/tr>\n                                            <tr>\n                            <td class=\"elementor-repeater-item-12a356f\" >Norm or Referential<\/td><td class=\"elementor-repeater-item-4a7f7bc\" >ISO\/IEC 30107-1<\/td>                        <\/tr>\n                                            <tr>\n                            <td class=\"elementor-repeater-item-a480488\" >Application Profile 1<\/td><td class=\"elementor-repeater-item-89d5835\" >ISO\/IEC 30107-3<\/td>                        <\/tr>\n                                            <tr>\n                                                    <\/tr>\n                                            <tr>\n                            <td class=\"elementor-repeater-item-613a760\" >Application Profile 2<\/td><td class=\"elementor-repeater-item-9c9d388\" >ISO\/IEC 30107-4<\/td>                        <\/tr>\n                                            <tr>\n                            <td class=\"elementor-repeater-item-18eb015\" >Evaluation methodology<\/td><td class=\"elementor-repeater-item-1e55afb\" >ISO\/IEC 30107-3<\/td>                        <\/tr>\n                                    <\/tbody>\n            <\/table>\n        <\/div>\n        \t\t\t\t<\/div>\n\t\t\t\t<\/div>\n\t\t\t\t\t<\/div>\n\t\t\t\t<\/div>\n\t\t\t\t<\/div>","protected":false},"excerpt":{"rendered":"<p>Objectif de l&lsquo;\u00e9valuation de conformit\u00e9 L&rsquo;\u00e9valuation de conformit\u00e9 du niveau de votre syst\u00e8me de d\u00e9tection de vivant bas\u00e9 sur les technologies biom\u00e9triques permet de certifier un niveau de d\u00e9tection de votre syst\u00e8me en utilisant la m\u00e9thodologie d&rsquo;\u00e9valuation bas\u00e9e sur la norme ISO\/IEC 30107-3 ou ISO\/IEC 30107-4 pour la partie mobile. \u00c9valuation de conformit\u00e9: Biom\u00e9trie\u00a0 D\u00e9tection&hellip; <br \/> <a class=\"read-more\" href=\"https:\/\/cabinet-louis-reynaud.eu\/en\/biometrie-pad-iso-iec-30107\/\">Read more<\/a><\/p>","protected":false},"author":1,"featured_media":0,"parent":0,"menu_order":0,"comment_status":"closed","ping_status":"closed","template":"","meta":{"footnotes":""},"class_list":["post-1170","page","type-page","status-publish","hentry"],"_links":{"self":[{"href":"https:\/\/cabinet-louis-reynaud.eu\/en\/wp-json\/wp\/v2\/pages\/1170","targetHints":{"allow":["GET"]}}],"collection":[{"href":"https:\/\/cabinet-louis-reynaud.eu\/en\/wp-json\/wp\/v2\/pages"}],"about":[{"href":"https:\/\/cabinet-louis-reynaud.eu\/en\/wp-json\/wp\/v2\/types\/page"}],"author":[{"embeddable":true,"href":"https:\/\/cabinet-louis-reynaud.eu\/en\/wp-json\/wp\/v2\/users\/1"}],"replies":[{"embeddable":true,"href":"https:\/\/cabinet-louis-reynaud.eu\/en\/wp-json\/wp\/v2\/comments?post=1170"}],"version-history":[{"count":7,"href":"https:\/\/cabinet-louis-reynaud.eu\/en\/wp-json\/wp\/v2\/pages\/1170\/revisions"}],"predecessor-version":[{"id":1283,"href":"https:\/\/cabinet-louis-reynaud.eu\/en\/wp-json\/wp\/v2\/pages\/1170\/revisions\/1283"}],"wp:attachment":[{"href":"https:\/\/cabinet-louis-reynaud.eu\/en\/wp-json\/wp\/v2\/media?parent=1170"}],"curies":[{"name":"wp","href":"https:\/\/api.w.org\/{rel}","templated":true}]}}