{"id":114,"date":"2024-09-06T08:19:41","date_gmt":"2024-09-06T08:19:41","guid":{"rendered":"https:\/\/cabinet-louis-reynaud.eu\/?page_id=114"},"modified":"2025-03-27T15:59:43","modified_gmt":"2025-03-27T15:59:43","slug":"actualites","status":"publish","type":"page","link":"https:\/\/cabinet-louis-reynaud.eu\/en\/actualites\/","title":{"rendered":"News"},"content":{"rendered":"<div data-elementor-type=\"wp-page\" data-elementor-id=\"114\" class=\"elementor elementor-114\">\n\t\t\t\t<div class=\"elementor-element elementor-element-ad62a75 e-flex e-con-boxed e-con e-parent\" data-id=\"ad62a75\" data-element_type=\"container\" data-e-type=\"container\">\n\t\t\t\t\t<div class=\"e-con-inner\">\n\t\t\t\t<div class=\"elementor-element elementor-element-eac8d3d elementor-widget elementor-widget-htmega-postcarousel-addons\" data-id=\"eac8d3d\" data-element_type=\"widget\" data-e-type=\"widget\" data-settings=\"{&quot;carousel_post_type&quot;:&quot;post&quot;}\" data-widget_type=\"htmega-postcarousel-addons.default\">\n\t\t\t\t<div class=\"elementor-widget-container\">\n\t\t\t\t\t            <div class=\"post-carousel-wrapper htmega-postcarousel-layout-2 htmega-verticle-center-arrow sideac8d3d\">\n                <div dir=\"ltr\" class=\"htmega-carousel-activation\" data-settings=\"{&quot;sectionid&quot;:&quot;sideac8d3d&quot;,&quot;arrows&quot;:true,&quot;arrow_prev_txt&quot;:&quot;&lt;svg class=\\&quot;e-font-icon-svg e-fas-angle-left\\&quot; viewBox=\\&quot;0 0 256 512\\&quot; xmlns=\\&quot;http:\\\/\\\/www.w3.org\\\/2000\\\/svg\\&quot;&gt;&lt;path d=\\&quot;M31.7 239l136-136c9.4-9.4 24.6-9.4 33.9 0l22.6 22.6c9.4 9.4 9.4 24.6 0 33.9L127.9 256l96.4 96.4c9.4 9.4 9.4 24.6 0 33.9L201.7 409c-9.4 9.4-24.6 9.4-33.9 0l-136-136c-9.5-9.4-9.5-24.6-.1-34z\\&quot;&gt;&lt;\\\/path&gt;&lt;\\\/svg&gt;&quot;,&quot;arrow_next_txt&quot;:&quot;&lt;svg class=\\&quot;e-font-icon-svg e-fas-angle-right\\&quot; viewBox=\\&quot;0 0 256 512\\&quot; xmlns=\\&quot;http:\\\/\\\/www.w3.org\\\/2000\\\/svg\\&quot;&gt;&lt;path d=\\&quot;M224.3 273l-136 136c-9.4 9.4-24.6 9.4-33.9 0l-22.6-22.6c-9.4-9.4-9.4-24.6 0-33.9l96.4-96.4-96.4-96.4c-9.4-9.4-9.4-24.6 0-33.9L54.3 103c9.4-9.4 24.6-9.4 33.9 0l136 136c9.5 9.4 9.5 24.6.1 34z\\&quot;&gt;&lt;\\\/path&gt;&lt;\\\/svg&gt;&quot;,&quot;dots&quot;:false,&quot;autoplay&quot;:false,&quot;autoplay_speed&quot;:3000,&quot;animation_speed&quot;:300,&quot;slloop&quot;:true,&quot;pause_on_hover&quot;:true,&quot;center_mode&quot;:false,&quot;center_padding&quot;:0,&quot;equal_height_column&quot;:false,&quot;equal_height_column_class&quot;:&quot;.post-inner&quot;,&quot;display_columns&quot;:3,&quot;scroll_columns&quot;:1,&quot;tablet_width&quot;:750,&quot;tablet_display_columns&quot;:2,&quot;tablet_scroll_columns&quot;:2,&quot;mobile_width&quot;:480,&quot;mobile_display_columns&quot;:2,&quot;mobile_scroll_columns&quot;:1}\" style=\"display:none;\">\n\n                    \n                                                    <div class=\"htmega-single-post-slide htmega-postslider-layout-2\" >\n                                <div class=\"thumb\">\n                                    <a href=\"https:\/\/cabinet-louis-reynaud.eu\/en\/1214-2\/\"><img fetchpriority=\"high\" decoding=\"async\" width=\"396\" height=\"360\" src=\"https:\/\/cabinet-louis-reynaud.eu\/wp-content\/uploads\/2025\/03\/Sans-titre-5-396x360.png\" class=\"attachment-htmega_size_396x360 size-htmega_size_396x360 wp-post-image\" alt=\"\" srcset=\"https:\/\/cabinet-louis-reynaud.eu\/wp-content\/uploads\/2025\/03\/Sans-titre-5-396x360.png 396w, https:\/\/cabinet-louis-reynaud.eu\/wp-content\/uploads\/2025\/03\/Sans-titre-5-12x12.png 12w\" sizes=\"(max-width: 396px) 100vw, 396px\" \/><\/a>\n                                <\/div>\n                                            <div class=\"content htmega-solid\">\n                <div class=\"post-inner\">\n                    \n                    \n                                                <h2><a href=\"https:\/\/cabinet-louis-reynaud.eu\/en\/1214-2\/\">Infocert Liveness: first and unique biometric<\/a><\/h2>\n                        \n                    \n                    <p>\u00a0\u00a0\u00a0\u00a0\u00a0\u00a0\u00a0\u00a0\u00a0\u00a0\u00a0\u00a0\u00a0\u00a0\u00a0\u00a0 \u00a0Press MemoRoma, 27\/03\/2025 Infocert Liveness: first and unique biometric liveness detection to obtain certificates of conformity at the Substantial level for<\/p>\n                                                <ul class=\"meta\">\n                                                                    <li><i class=\"fa fa-clock-o\"><\/i>27 March 2025<\/li>\n                                                            <\/ul>\n                                \n                    \n                                            <div class=\"post-btn\">\n                            <a class=\"readmore-btn\" href=\"https:\/\/cabinet-louis-reynaud.eu\/en\/1214-2\/\">Read More<\/a>\n                        <\/div>\n                    \n                <\/div>\n            <\/div>\n                                    <\/div>\n\n                        \n                        \n                                                    <div class=\"htmega-single-post-slide htmega-postslider-layout-2\" >\n                                <div class=\"thumb\">\n                                    <a href=\"https:\/\/cabinet-louis-reynaud.eu\/en\/cabinet-louis-reynaud-lance-clr-cert-votre-partenaire-pour-la-certification-de-conformite\/\"><img decoding=\"async\" width=\"396\" height=\"360\" src=\"https:\/\/cabinet-louis-reynaud.eu\/wp-content\/uploads\/2024\/09\/Bateau-396x360.jpeg\" class=\"attachment-htmega_size_396x360 size-htmega_size_396x360 wp-post-image\" alt=\"\" \/><\/a>\n                                <\/div>\n                                            <div class=\"content htmega-solid\">\n                <div class=\"post-inner\">\n                    \n                    \n                                                <h2><a href=\"https:\/\/cabinet-louis-reynaud.eu\/en\/cabinet-louis-reynaud-lance-clr-cert-votre-partenaire-pour-la-certification-de-conformite\/\">Cabinet Louis Reynaud launches CLR Cert\u00ae<\/a><\/h2>\n                        \n                    \n                    <p>La Ciotat, 30 October 2024 - Cabinet Louis Reynaud, a leading expert in digital security, is announcing  the launch of CLR Cert\u00ae,<\/p>\n                                                <ul class=\"meta\">\n                                                                    <li><i class=\"fa fa-clock-o\"><\/i>30 October 2024<\/li>\n                                                            <\/ul>\n                                \n                    \n                                            <div class=\"post-btn\">\n                            <a class=\"readmore-btn\" href=\"https:\/\/cabinet-louis-reynaud.eu\/en\/cabinet-louis-reynaud-lance-clr-cert-votre-partenaire-pour-la-certification-de-conformite\/\">Read More<\/a>\n                        <\/div>\n                    \n                <\/div>\n            <\/div>\n                                    <\/div>\n\n                        \n                        \n                <\/div>\n            <\/div>\n            \n            \n\n        \t\t\t\t<\/div>\n\t\t\t\t<\/div>\n\t\t\t\t\t<\/div>\n\t\t\t\t<\/div>\n\t\t\t\t<\/div>","protected":false},"excerpt":{"rendered":"<p>Infocert Liveness: first and unique biometric &nbsp;&nbsp;&nbsp;&nbsp;&nbsp;&nbsp;&nbsp;&nbsp;&nbsp;&nbsp;&nbsp;&nbsp;&nbsp;&nbsp;&nbsp;&nbsp;&nbsp;Press MemoRoma, 27\/03\/2025 Infocert Liveness: first and unique biometric liveness detection to obtain certificates of conformity at the Substantial level for both 27 mars 2025 Read More Cabinet Louis Reynaud lance CLR Cert\u00ae La Ciotat, 30 octobre 2024 \u2013 Le Cabinet Louis Reynaud, expert reconnu en s\u00e9curit\u00e9 num\u00e9rique, annonce&hellip; <br \/> <a class=\"read-more\" href=\"https:\/\/cabinet-louis-reynaud.eu\/en\/cabinet-louis-reynaud-lance-clr-cert-votre-partenaire-pour-la-certification-de-conformite\/\">Read more<\/a><\/p>","protected":false},"author":1,"featured_media":0,"parent":0,"menu_order":0,"comment_status":"closed","ping_status":"closed","template":"","meta":{"footnotes":""},"class_list":["post-114","page","type-page","status-publish","hentry"],"_links":{"self":[{"href":"https:\/\/cabinet-louis-reynaud.eu\/en\/wp-json\/wp\/v2\/pages\/114","targetHints":{"allow":["GET"]}}],"collection":[{"href":"https:\/\/cabinet-louis-reynaud.eu\/en\/wp-json\/wp\/v2\/pages"}],"about":[{"href":"https:\/\/cabinet-louis-reynaud.eu\/en\/wp-json\/wp\/v2\/types\/page"}],"author":[{"embeddable":true,"href":"https:\/\/cabinet-louis-reynaud.eu\/en\/wp-json\/wp\/v2\/users\/1"}],"replies":[{"embeddable":true,"href":"https:\/\/cabinet-louis-reynaud.eu\/en\/wp-json\/wp\/v2\/comments?post=114"}],"version-history":[{"count":43,"href":"https:\/\/cabinet-louis-reynaud.eu\/en\/wp-json\/wp\/v2\/pages\/114\/revisions"}],"predecessor-version":[{"id":1244,"href":"https:\/\/cabinet-louis-reynaud.eu\/en\/wp-json\/wp\/v2\/pages\/114\/revisions\/1244"}],"wp:attachment":[{"href":"https:\/\/cabinet-louis-reynaud.eu\/en\/wp-json\/wp\/v2\/media?parent=114"}],"curies":[{"name":"wp","href":"https:\/\/api.w.org\/{rel}","templated":true}]}}