{"id":113,"date":"2024-09-06T08:19:41","date_gmt":"2024-09-06T08:19:41","guid":{"rendered":"https:\/\/cabinet-louis-reynaud.eu\/?page_id=113"},"modified":"2025-07-28T08:59:55","modified_gmt":"2025-07-28T08:59:55","slug":"qui-sommes-nous","status":"publish","type":"page","link":"https:\/\/cabinet-louis-reynaud.eu\/en\/qui-sommes-nous\/","title":{"rendered":"Who Are We?"},"content":{"rendered":"<div data-elementor-type=\"wp-page\" data-elementor-id=\"113\" class=\"elementor elementor-113\">\n\t\t\t\t<div class=\"elementor-element elementor-element-6ab72105 e-flex e-con-boxed e-con e-parent\" data-id=\"6ab72105\" data-element_type=\"container\" data-e-type=\"container\">\n\t\t\t\t\t<div class=\"e-con-inner\">\n\t\t\t\t<div class=\"elementor-element elementor-element-46db1a83 elementor-widget elementor-widget-text-editor\" data-id=\"46db1a83\" data-element_type=\"widget\" data-e-type=\"widget\" data-widget_type=\"text-editor.default\">\n\t\t\t\t<div class=\"elementor-widget-container\">\n\t\t\t\t\t\t\t\t\t<div style=\"background-color: #ffffff;\" data-label=\"Features\" data-id=\"features--1\" data-export-id=\"features-12\" data-category=\"features\"><div><div><div data-type=\"column\"><h4 style=\"text-align: left;\">Created by a French expert in digital identities, biometrics, cybersecurity, legislation and European standards in the digital world.<\/h4><h4 style=\"text-align: left;\">Cabinet Louis Reynaud is a firm specializing in technological, normative, and regulatory expertise, as well as an independent laboratory for evaluating the security of technologies, products, and services in the fields of digital identities, biometrics, mobile security, data protection, and cybersecurity.<\/h4><h4 style=\"text-align: left;\"><strong>Cabinet Louis Reynaud<\/strong><strong style=\"font-size: 1.1rem; letter-spacing: 0.0625rem;\">\u00a0brings together about ten experts from the academic, industrial, and institutional sectors, and possesses the following skills:<\/strong><\/h4><h4 style=\"text-align: left;\"><strong>\u2022 Knowledge of technological issues in:<\/strong><br \/>\u00a0 \u00a0 \u00a0o Digital Identities;<br \/>\u00a0 \u00a0 \u00a0o Biometries;<br \/>\u00a0 \u00a0 \u00a0o Cryptography;<br \/>\u00a0 \u00a0 \u00a0o Data integrity and protection;<br \/>\u00a0 \u00a0 \u00a0o Management of physical identities;<br \/>\u00a0 \u00a0 \u00a0o Communication technologies;<br \/>\u00a0 \u00a0 \u00a0o Physical and logical security elements in identity documents;<br \/>\u00a0 \u00a0 \u00a0o Blockchain;<br \/>\u00a0 \u00a0 \u00a0o Artificial Intelligence;<br \/>\u00a0 \u00a0 \u00a0o Cloud computing.<\/h4><h4 style=\"text-align: left;\"><strong>\u2022 Expertise in the security certification schemes of the French National Agency for the Security of Information Systems (ANSSI), the German Federal Office for Information Security (BSI), and the European Union Agency for Cybersecurity (ENISA).<\/strong><\/h4><h4 style=\"text-align: left;\"><strong>\u2022 Knowledge of the \u201cEuropean Standardization Organization\u201d and the processes for establishing a European and International standard:<\/strong><br \/>\u00a0 \u00a0 \u00a0o AFNOR, CEN\/CENELEC\/ETSI, ISO, ICAO, IATA<br \/>\u00a0 \u00a0 \u00a0o Fora and Consortia<br \/>\u00a0 \u00a0 \u00a0o Technical Report Type<\/h4><h4 style=\"text-align: left;\"><strong>\u2022 Expertise in the European legislative process:<\/strong><br \/>\u00a0 \u00a0 \u00a0o Impact assessment,<br \/>\u00a0 \u00a0 \u00a0o First Act,<br \/>\u00a0 \u00a0 \u00a0o Second legislation (comitology)<\/h4><h4 style=\"text-align: left;\"><strong>\u2022 Knowledge of the European institutions and their governance\/decision-making patterns.<\/strong><\/h4><h4 style=\"text-align: left;\"><strong>\u2022 Knowledge of European and international influence groups.<\/strong><\/h4><h4 style=\"text-align: left;\"><strong>\u2022 Expertise in financing tools at the European level:<\/strong>FP8 (H2020) , FP9 (Horizon Europe), Digital Europe.<\/h4><\/div><div data-type=\"column\"><h4 style=\"text-align: center;\"><span style=\"font-weight: bold;\">CLR Labs is a member of<\/span><\/h4><\/div><\/div><\/div><\/div><div style=\"background-color: #ffffff; text-align: center;\" data-label=\"Features\" data-id=\"features--3\" data-export-id=\"features-16\" data-category=\"features\"><div><div data-type=\"column\"><h4 style=\"text-align: center;\"><span style=\"font-weight: 600;\">Standardization organizations:<\/span><\/h4><p><img decoding=\"async\" src=\"https:\/\/clr-cert.eu\/wp-content\/uploads\/2024\/09\/cropped-cropped-afnor-clr.jpg\" alt=\"\" width=\"250\" height=\"149\" \/><img decoding=\"async\" src=\"https:\/\/clr-cert.eu\/wp-content\/uploads\/2024\/09\/cropped-cropped-cropped-cenelec-clr-1.jpg\" alt=\"\" width=\"250\" height=\"150\" \/><img decoding=\"async\" src=\"https:\/\/clr-cert.eu\/wp-content\/uploads\/2024\/09\/cropped-cropped-iso-clr.jpg\" alt=\"\" width=\"250\" height=\"149\" \/><\/p><h4><span style=\"font-weight: 600;\">Industry associations:<\/span><\/h4><\/div><\/div><div data-type=\"row\"><div><p><img decoding=\"async\" title=\"cropped-cropped-spac-clr.jpg\" src=\"http:\/\/clr-cert\/wp-content\/uploads\/2024\/09\/cropped-cropped-spac-clr.jpg\" alt=\"\" \/><img loading=\"lazy\" decoding=\"async\" src=\"https:\/\/clr-cert.eu\/wp-content\/uploads\/2024\/09\/cropped-cropped-spac-clr.jpg\" alt=\"\" width=\"250\" height=\"149\" \/><img loading=\"lazy\" decoding=\"async\" src=\"https:\/\/clr-cert.eu\/wp-content\/uploads\/2024\/09\/cropped-cropped-silicon-cclr.jpg\" alt=\"\" width=\"250\" height=\"149\" \/><img loading=\"lazy\" decoding=\"async\" src=\"https:\/\/clr-cert.eu\/wp-content\/uploads\/2024\/09\/cropped-cropped-eab-clr.jpg\" alt=\"\" width=\"250\" height=\"149\" \/><\/p><\/div><\/div><\/div><div style=\"background-color: #ffffff; text-align: center;\" data-label=\"Features\" data-id=\"features--3\" data-export-id=\"features-16\" data-category=\"features\"><div data-type=\"row\"><div><div style=\"text-align: center;\"><div data-type=\"column\"><h4><span style=\"font-weight: 600;\">Associate member of CAMPUS Cyber (Shareholder)<\/span><\/h4><p><img loading=\"lazy\" decoding=\"async\" src=\"https:\/\/clr-cert.eu\/wp-content\/uploads\/2024\/10\/cropped-Logo-Campus-Cyber.jpg\" alt=\"\" width=\"259\" height=\"148\" \/><\/p><\/div><\/div><div data-type=\"column\">\u00a0<\/div><\/div><\/div><\/div><div style=\"background-color: #ffffff;\" data-label=\"Features\" data-id=\"features--5\" data-export-id=\"features-16\" data-category=\"features\"><div><div data-type=\"row\"><div><div style=\"text-align: left;\" data-type=\"column\">\u00a0<\/div><\/div><\/div><\/div><\/div>\t\t\t\t\t\t\t\t<\/div>\n\t\t\t\t<\/div>\n\t\t\t\t\t<\/div>\n\t\t\t\t<\/div>\n\t\t\t\t<\/div>","protected":false},"excerpt":{"rendered":"<p>Cr\u00e9\u00e9 par un expert fran\u00e7ais en identit\u00e9s num\u00e9riques, biom\u00e9trie, cybers\u00e9curit\u00e9, l\u00e9gislation et normes europ\u00e9ennes dans le monde num\u00e9rique.Le Cabinet Louis Reynaud est un cabinet d\u2019expertise technologique, normative et r\u00e9glementaire, ainsi qu\u2019un laboratoire ind\u00e9pendant d\u2019\u00e9valuation de la s\u00e9curit\u00e9 des technologies, produits et services en mati\u00e8re d\u2019identit\u00e9s num\u00e9riques, de biom\u00e9trie, de s\u00e9curit\u00e9 mobile, de protection des donn\u00e9es&hellip; <br \/> <a class=\"read-more\" href=\"https:\/\/cabinet-louis-reynaud.eu\/en\/qui-sommes-nous\/\">Read more<\/a><\/p>","protected":false},"author":1,"featured_media":0,"parent":0,"menu_order":0,"comment_status":"closed","ping_status":"closed","template":"pro\/page-templates\/full-width-page.php","meta":{"footnotes":""},"class_list":["post-113","page","type-page","status-publish","hentry"],"_links":{"self":[{"href":"https:\/\/cabinet-louis-reynaud.eu\/en\/wp-json\/wp\/v2\/pages\/113","targetHints":{"allow":["GET"]}}],"collection":[{"href":"https:\/\/cabinet-louis-reynaud.eu\/en\/wp-json\/wp\/v2\/pages"}],"about":[{"href":"https:\/\/cabinet-louis-reynaud.eu\/en\/wp-json\/wp\/v2\/types\/page"}],"author":[{"embeddable":true,"href":"https:\/\/cabinet-louis-reynaud.eu\/en\/wp-json\/wp\/v2\/users\/1"}],"replies":[{"embeddable":true,"href":"https:\/\/cabinet-louis-reynaud.eu\/en\/wp-json\/wp\/v2\/comments?post=113"}],"version-history":[{"count":70,"href":"https:\/\/cabinet-louis-reynaud.eu\/en\/wp-json\/wp\/v2\/pages\/113\/revisions"}],"predecessor-version":[{"id":1481,"href":"https:\/\/cabinet-louis-reynaud.eu\/en\/wp-json\/wp\/v2\/pages\/113\/revisions\/1481"}],"wp:attachment":[{"href":"https:\/\/cabinet-louis-reynaud.eu\/en\/wp-json\/wp\/v2\/media?parent=113"}],"curies":[{"name":"wp","href":"https:\/\/api.w.org\/{rel}","templated":true}]}}